{"id":3606,"date":"2022-01-17T20:21:40","date_gmt":"2022-01-17T20:21:40","guid":{"rendered":"https:\/\/www.psi100.com\/?page_id=3606"},"modified":"2023-04-30T20:09:09","modified_gmt":"2023-04-30T20:09:09","slug":"data-integrity-and-cookies","status":"publish","type":"page","link":"https:\/\/www.psi100.com\/en\/data-integrity-and-cookies\/","title":{"rendered":"Data Integrity and Cookies"},"content":{"rendered":"<div data-elementor-type=\"wp-page\" data-elementor-id=\"3606\" class=\"elementor elementor-3606\" data-elementor-post-type=\"page\">\n\t\t\t\t\t\t<section class=\"elementor-section elementor-top-section elementor-element elementor-element-284abf9 elementor-section-boxed elementor-section-height-default elementor-section-height-default\" data-id=\"284abf9\" data-element_type=\"section\" data-e-type=\"section\">\n\t\t\t\t\t\t<div class=\"elementor-container elementor-column-gap-default\">\n\t\t\t\t\t<div class=\"elementor-column elementor-col-100 elementor-top-column elementor-element elementor-element-b522121\" data-id=\"b522121\" data-element_type=\"column\" data-e-type=\"column\">\n\t\t\t<div class=\"elementor-widget-wrap elementor-element-populated\">\n\t\t\t\t\t\t<div class=\"elementor-element elementor-element-fb28d64 elementor-widget elementor-widget-spacer\" data-id=\"fb28d64\" data-element_type=\"widget\" data-e-type=\"widget\" data-widget_type=\"spacer.default\">\n\t\t\t\t<div class=\"elementor-widget-container\">\n\t\t\t\t\t\t\t<div class=\"elementor-spacer\">\n\t\t\t<div class=\"elementor-spacer-inner\"><\/div>\n\t\t<\/div>\n\t\t\t\t\t\t<\/div>\n\t\t\t\t<\/div>\n\t\t\t\t<div class=\"elementor-element elementor-element-55bc8d6 elementor-widget-divider--view-line elementor-widget elementor-widget-divider\" data-id=\"55bc8d6\" data-element_type=\"widget\" data-e-type=\"widget\" data-widget_type=\"divider.default\">\n\t\t\t\t<div class=\"elementor-widget-container\">\n\t\t\t\t\t\t\t<div class=\"elementor-divider\">\n\t\t\t<span class=\"elementor-divider-separator\">\n\t\t\t\t\t\t<\/span>\n\t\t<\/div>\n\t\t\t\t\t\t<\/div>\n\t\t\t\t<\/div>\n\t\t\t\t<div class=\"elementor-element elementor-element-78bb3c1 elementor-widget elementor-widget-heading\" data-id=\"78bb3c1\" data-element_type=\"widget\" data-e-type=\"widget\" data-widget_type=\"heading.default\">\n\t\t\t\t<div class=\"elementor-widget-container\">\n\t\t\t\t\t<h2 class=\"elementor-heading-title elementor-size-default\">Integritetspolicy<\/h2>\t\t\t\t<\/div>\n\t\t\t\t<\/div>\n\t\t\t\t<div class=\"elementor-element elementor-element-3836f4e elementor-widget elementor-widget-text-editor\" data-id=\"3836f4e\" data-element_type=\"widget\" data-e-type=\"widget\" data-widget_type=\"text-editor.default\">\n\t\t\t\t<div class=\"elementor-widget-container\">\n\t\t\t\t\t\t\t\t\t<p>Vi arbetar f\u00f6r att s\u00e4kerst\u00e4lla en h\u00f6g niv\u00e5 av dataskydd som&nbsp;v\u00e4rnar om din personliga integritet vid anv\u00e4ndning av v\u00e5r webbplats. Denna&nbsp;integritetspolicy f\u00f6rklarar d\u00e4rf\u00f6r hur dina personuppgifter bearbetas och&nbsp;skyddas, dina r\u00e4ttigheter och hur du kan g\u00f6ra dem g\u00e4llande. Vi str\u00e4var efter&nbsp;att du ska k\u00e4nna dig trygg i v\u00e5r behandling av dina personuppgifter.<\/p>\n<p><b>V<\/b><span style=\"font-style: inherit; background-color: var(--ast-global-color-4); color: var(--ast-global-color-3);\"><b>em ansvarar f\u00f6r de personuppgifter vi samlar in?<br><\/b><\/span><span style=\"font-style: inherit; background-color: var(--ast-global-color-4); color: var(--ast-global-color-3);\"><span style=\"font-weight: inherit;\">Svea Tools KB, org. nr 969799-2767, L\u00e4rlingsgatan 20, 904 22&nbsp;Ume\u00e5, \u00e4r personuppgiftsansvarig f\u00f6r de personuppgifter du l\u00e4mnar till oss genom&nbsp;k\u00f6p och \u00f6vrig kontakt med oss och ansvarar f\u00f6r behandling av dessa.<\/span><br><\/span><span style=\"color: var(--ast-global-color-3); font-style: inherit;\"><br><b>Vad f\u00f6r slags personuppgifter samlar vi in?<br><\/b><\/span><span style=\"background-color: var(--ast-global-color-4); color: var(--ast-global-color-3); font-style: inherit;\"><span style=\"font-weight: inherit;\">Vi samlar in personuppgifter som du skickar till oss n\u00e4r du&nbsp;g\u00f6r best\u00e4llningar p\u00e5 v\u00e5r webbplats, anm\u00e4ler dig f\u00f6r information eller skickar&nbsp;mail till oss. De personuppgifter som du skickar till oss kan till exempel&nbsp;omfatta kontaktinformation, f\u00f6retagsinformation och betalningsinformation.<\/span><br><\/span><span style=\"font-style: inherit; background-color: var(--ast-global-color-4); color: var(--ast-global-color-3);\"><span style=\"font-style: inherit; background-color: var(--ast-global-color-4); color: var(--ast-global-color-3);\"><br><b>Hur anv\u00e4nder vi dina personuppgifter?<\/b><\/span><\/span><span style=\"font-style: inherit; font-weight: inherit; color: var(--ast-global-color-3); background-color: var(--ast-global-color-4);\">&nbsp;<br><\/span><span style=\"background-color: var(--ast-global-color-4); color: var(--ast-global-color-3); font-style: inherit; font-weight: inherit;\">Vi kan komma att anv\u00e4nda dina personuppgifter f\u00f6r f\u00f6ljande&nbsp;\u00e4ndam\u00e5l:&nbsp;<br><\/span><span style=\"background-color: var(--ast-global-color-4); color: var(--ast-global-color-3); font-style: inherit; font-weight: inherit;\">&#8211; Vid bearbetning av best\u00e4llningar och returer i v\u00e5r webbshop&nbsp;<br><\/span><span style=\"background-color: var(--ast-global-color-4); color: var(--ast-global-color-3); font-style: inherit; font-weight: inherit;\">&#8211; Vid aviseringar om leveransstatus<br><\/span><span style=\"font-style: inherit; font-weight: inherit; background-color: var(--ast-global-color-4); color: var(--ast-global-color-3);\">&#8211; Vid kontakter ang\u00e5ende eventuella problem med din leverans<br><\/span><span style=\"font-style: inherit; font-weight: inherit; background-color: var(--ast-global-color-4); color: var(--ast-global-color-3);\">&#8211; Vid korrespondens om fr\u00e5gor och \u00f6vrig information<br><\/span><span style=\"background-color: var(--ast-global-color-4); color: var(--ast-global-color-3); font-style: inherit; font-weight: inherit;\">&#8211; Vid utskick om erbjudanden i form av nyhetsbrev, d\u00e5 alltid&nbsp;<\/span><span style=\"font-style: inherit; font-weight: inherit; background-color: var(--ast-global-color-4); color: var(--ast-global-color-3);\">med instruktioner om hur du kan avanm\u00e4la dig ifr\u00e5n vidare utskick<br><\/span><span style=\"background-color: var(--ast-global-color-4); color: var(--ast-global-color-3); font-style: inherit; font-weight: inherit;\">&#8211; Vid eventuella enk\u00e4tutskick f\u00f6r att f\u00f6rb\u00e4ttra v\u00e5ra tj\u00e4nster&nbsp;<\/span><span style=\"font-style: inherit; font-weight: inherit; background-color: var(--ast-global-color-4); color: var(--ast-global-color-3);\">och erbjudanden.<br><\/span><span style=\"font-style: inherit; font-weight: inherit; background-color: var(--ast-global-color-4); color: var(--ast-global-color-3);\"><br>Vi sparar dina uppgifter s\u00e5 l\u00e4nge som det kr\u00e4vs f\u00f6r att&nbsp;uppfylla ovanst\u00e5ende \u00e4ndam\u00e5l eller s\u00e5 l\u00e4nge som vi enligt lag \u00e4r skyldiga att&nbsp;g\u00f6ra detta. D\u00e4refter raderas dina personuppgifter.<\/span><\/p>\n<p><b>Vilka \u00e4r dina r\u00e4ttigheter?<br><\/b><span style=\"font-style: inherit; font-weight: inherit; background-color: var(--ast-global-color-4); color: var(--ast-global-color-3);\">Du har r\u00e4tt att n\u00e4r som helst beg\u00e4ra information om de&nbsp;<\/span><span style=\"font-style: inherit; font-weight: inherit; background-color: var(--ast-global-color-4); color: var(--ast-global-color-3);\">personuppgifter vi har om dig. Om dina uppgifter \u00e4r felaktiga, ofullst\u00e4ndiga&nbsp;<\/span><span style=\"font-style: inherit; font-weight: inherit; background-color: var(--ast-global-color-4); color: var(--ast-global-color-3);\">eller irrelevanta, kan du beg\u00e4ra att f\u00e5 dem r\u00e4ttade eller raderade. Vi kan inte&nbsp;<\/span><span style=\"font-style: inherit; font-weight: inherit; background-color: var(--ast-global-color-4); color: var(--ast-global-color-3);\">radera dina uppgifter d\u00e5 det f\u00f6religger ett lagstadgat krav p\u00e5 lagring, som&nbsp;<\/span><span style=\"font-style: inherit; font-weight: inherit; background-color: var(--ast-global-color-4); color: var(--ast-global-color-3);\">exempelvis bokf\u00f6ringsregler, eller n\u00e4r det finns andra legitima sk\u00e4l till&nbsp;<\/span><span style=\"font-style: inherit; font-weight: inherit; background-color: var(--ast-global-color-4); color: var(--ast-global-color-3);\">varf\u00f6r uppgifterna m\u00e5ste sparas, till exempel obetalda fakturor. Du kan n\u00e4r som&nbsp;<\/span><span style=\"font-style: inherit; font-weight: inherit; background-color: var(--ast-global-color-4); color: var(--ast-global-color-3);\">helst \u00e5terkalla ditt samtycke till att l\u00e5ta oss anv\u00e4nda uppgifterna f\u00f6r&nbsp;<\/span><span style=\"font-style: inherit; font-weight: inherit; background-color: var(--ast-global-color-4); color: var(--ast-global-color-3);\">marknadsf\u00f6ring genom att avanm\u00e4la dig fr\u00e5n v\u00e5rt nyhetsbrev.<\/span><\/p>\n<p><span style=\"font-style: inherit; background-color: var(--ast-global-color-4); color: var(--ast-global-color-3);\"><b>Vilka kan vi komma att dela dina personuppgifter med?<br><\/b><\/span><span style=\"background-color: var(--ast-global-color-4); color: var(--ast-global-color-3); font-style: inherit; font-weight: inherit;\">F\u00f6r att vi ska kunna erbjuda ovann\u00e4mnda tj\u00e4nster och v\u00e5ra&nbsp;<\/span><span style=\"font-style: inherit; font-weight: inherit; background-color: var(--ast-global-color-4); color: var(--ast-global-color-3);\">\u00e5taganden gentemot dig som kund delar vi dina personuppgifter med f\u00f6retag som&nbsp;<\/span><span style=\"font-style: inherit; font-weight: inherit; background-color: var(--ast-global-color-4); color: var(--ast-global-color-3);\">\u00e4r s.k. personuppgiftsbitr\u00e4den f\u00f6r oss. Personuppgiftsbitr\u00e4den behandlar&nbsp;<\/span><span style=\"font-style: inherit; font-weight: inherit; background-color: var(--ast-global-color-4); color: var(--ast-global-color-3);\">informationen f\u00f6r v\u00e5r r\u00e4kning och enligt v\u00e5ra instruktioner och hj\u00e4lper oss med&nbsp;<\/span><span style=\"font-style: inherit; font-weight: inherit; background-color: var(--ast-global-color-4); color: var(--ast-global-color-3);\">IT-tj\u00e4nster, betaltj\u00e4nster, transporter och marknadsf\u00f6ring. Detta sker endast&nbsp;<\/span><span style=\"font-style: inherit; font-weight: inherit; background-color: var(--ast-global-color-4); color: var(--ast-global-color-3);\">f\u00f6r \u00e4ndam\u00e5l f\u00f6r vilka vi har samlat informationen och endast till f\u00f6retag som&nbsp;<\/span><span style=\"font-style: inherit; font-weight: inherit; background-color: var(--ast-global-color-4); color: var(--ast-global-color-3);\">kan l\u00e4mna tillr\u00e4ckliga garantier g\u00e4llande s\u00e4kerhet och sekretess f\u00f6r&nbsp;<\/span><span style=\"font-style: inherit; font-weight: inherit; background-color: var(--ast-global-color-4); color: var(--ast-global-color-3);\">personuppgifter.<\/span><\/p>\n<p>Vi vidarebefordrar, s\u00e4ljer eller byter aldrig dina&nbsp;personuppgifter f\u00f6r marknadsf\u00f6rings\u00e4ndam\u00e5l till tredje part.<\/p>\t\t\t\t\t\t\t\t<\/div>\n\t\t\t\t<\/div>\n\t\t\t\t<div class=\"elementor-element elementor-element-6a034f4 elementor-widget elementor-widget-heading\" data-id=\"6a034f4\" data-element_type=\"widget\" data-e-type=\"widget\" data-widget_type=\"heading.default\">\n\t\t\t\t<div class=\"elementor-widget-container\">\n\t\t\t\t\t<h2 class=\"elementor-heading-title elementor-size-default\">Cookies<\/h2>\t\t\t\t<\/div>\n\t\t\t\t<\/div>\n\t\t\t\t<div class=\"elementor-element elementor-element-37c6da8 elementor-widget elementor-widget-text-editor\" data-id=\"37c6da8\" data-element_type=\"widget\" data-e-type=\"widget\" data-widget_type=\"text-editor.default\">\n\t\t\t\t<div class=\"elementor-widget-container\">\n\t\t\t\t\t\t\t\t\t<p>En cookie (eller kaka) \u00e4r en liten textfil som en webbplats\u00a0sparar p\u00e5 bes\u00f6karens dator. Cookies anv\u00e4nds p\u00e5 m\u00e5nga webbplatser f\u00f6r att ge en\u00a0bes\u00f6kare tillg\u00e5ng till olika funktioner. Informationen i en cookie kan ocks\u00e5\u00a0anv\u00e4ndas f\u00f6r att f\u00f6lja en anv\u00e4ndares surfande p\u00e5 webbplatser som anv\u00e4nder samma\u00a0cookie.<\/p><p><span style=\"font-style: inherit; background-color: var(--ast-global-color-4); color: var(--ast-global-color-3);\"><b>M\u00e5ste jag till\u00e5ta cookies?\u00a0<br \/><\/b><\/span><span style=\"font-style: inherit; font-weight: inherit; background-color: var(--ast-global-color-4); color: var(--ast-global-color-3);\">Denna webbplats anv\u00e4nder cookies f\u00f6r funktionalitet kritisk\u00a0f\u00f6r att det ska g\u00e5 att handla i butiken. Om du blockerar cookies kan du d\u00e4rf\u00f6r\u00a0ej heller handla i butiken. Utan cookies kan du dock fortfarande titta p\u00e5 sidor\u00a0och artiklar i butiken, men vissa funktioner kan bete sig ov\u00e4ntat.<br \/><\/span><span style=\"font-style: inherit; font-weight: inherit; background-color: var(--ast-global-color-4); color: var(--ast-global-color-3);\"><br \/>Om du vill handla i butiken men inte vill att n\u00e5gra cookies\u00a0ska sparas p\u00e5 din dator n\u00e4r du st\u00e4nger din webbl\u00e4sare s\u00e5 kan du bes\u00f6ka sidan i\u00a0privat l\u00e4ge. Detta l\u00e4ge kallas olika saker beroende p\u00e5 din webbl\u00e4sare:\u00a0&#8221;Inkognitof\u00f6nster&#8221; (Chrome), &#8221;Privat f\u00f6nster&#8221; (Firefox)\u00a0eller &#8221;InPrivate-f\u00f6nster&#8221; (Microsoft Edge). Alla cookies som satts\u00a0under bes\u00f6ket i privat l\u00e4ge raderas d\u00e5 ifr\u00e5n din dator n\u00e4r du st\u00e4nger din\u00a0webbl\u00e4sare.<br \/><\/span><span style=\"font-style: inherit; background-color: var(--ast-global-color-4); color: var(--ast-global-color-3);\"><br \/><b>Hur anv\u00e4nder vi cookies?<br \/><\/b><\/span><span style=\"font-style: inherit; font-weight: inherit; background-color: var(--ast-global-color-4); color: var(--ast-global-color-3);\">Denna webbplats anv\u00e4nder cookies f\u00f6r att hantera artiklar i\u00a0varukorgen, inloggning p\u00e5 &#8221;mina sidor&#8221; och f\u00f6r vissa funktioner som\u00a0endast ska visas en g\u00e5ng per bes\u00f6kare. Om du st\u00e4nger din webbl\u00e4sare och senare\u00a0kommer tillbaka till butiken s\u00e5 sparas dina inst\u00e4llningar och artiklar i\u00a0varukorgen med hj\u00e4lp av cookies. Vi anv\u00e4nder \u00e4ven cookies f\u00f6r att kunna anpassa<br \/>och g\u00f6ra information och marknadsf\u00f6ring s\u00e5 relevant som m\u00f6jligt f\u00f6r dig.\u00a0\u00a0<br \/><\/span><span style=\"font-style: inherit; font-weight: inherit; background-color: var(--ast-global-color-4); color: var(--ast-global-color-3);\"><br \/>Informationen om inloggning p\u00e5 &#8221;mina sidor&#8221; lagras\u00a0i en s\u00e5 kallad sessionscookie och raderas d\u00e4rf\u00f6r n\u00e4r du st\u00e4nger din webbl\u00e4sare.\u00a0V\u00e5ra \u00f6vriga cookies lagrar inte information f\u00f6r att identifiera dig.\u00a0<\/span><span style=\"font-style: inherit; background-color: var(--ast-global-color-4); color: var(--ast-global-color-3);\"><span style=\"font-weight: inherit;\">Vi anv\u00e4nder \u00e4ven cookies som statistikunderlag, till exempel f\u00f6r att se vilka artiklar samma bes\u00f6kare tittar p\u00e5 f\u00f6r att kunna erbjuda automatiska produktrekommendationer.<br \/><\/span><\/span><span style=\"color: var(--ast-global-color-3); font-style: inherit;\"><br \/><b>Tredjepartscookies<br \/><\/b><\/span><span style=\"font-style: inherit; font-weight: inherit; background-color: var(--ast-global-color-4); color: var(--ast-global-color-3);\">Vi anv\u00e4nder Google Analytics och Ads som ocks\u00e5 s\u00e4tter\u00a0cookies, detta f\u00f6r att f\u00e5 en bild av hur v\u00e5ra bes\u00f6kare anv\u00e4nder webbplatsen\u00a0samt f\u00f6r v\u00e5r marknadsf\u00f6ring. Dessa cookies inneh\u00e5ller inte heller\u00a0identifierande information om vem du som bes\u00f6karen \u00e4r.<\/span><\/p><p>Denna policy uppdateras senast: 2022-01-17.<\/p>\t\t\t\t\t\t\t\t<\/div>\n\t\t\t\t<\/div>\n\t\t\t\t<div class=\"elementor-element elementor-element-55ee156 elementor-widget elementor-widget-spacer\" data-id=\"55ee156\" data-element_type=\"widget\" data-e-type=\"widget\" data-widget_type=\"spacer.default\">\n\t\t\t\t<div class=\"elementor-widget-container\">\n\t\t\t\t\t\t\t<div class=\"elementor-spacer\">\n\t\t\t<div class=\"elementor-spacer-inner\"><\/div>\n\t\t<\/div>\n\t\t\t\t\t\t<\/div>\n\t\t\t\t<\/div>\n\t\t\t\t\t<\/div>\n\t\t<\/div>\n\t\t\t\t\t<\/div>\n\t\t<\/section>\n\t\t\t\t<\/div>","protected":false},"excerpt":{"rendered":"<p>Integritetspolicy Vi arbetar f\u00f6r att s\u00e4kerst\u00e4lla en h\u00f6g niv\u00e5 av dataskydd som&nbsp;v\u00e4rnar om din personliga integritet vid anv\u00e4ndning av v\u00e5r webbplats. Denna&nbsp;integritetspolicy f\u00f6rklarar d\u00e4rf\u00f6r hur dina personuppgifter bearbetas och&nbsp;skyddas, dina r\u00e4ttigheter och hur du kan g\u00f6ra dem g\u00e4llande. Vi str\u00e4var efter&nbsp;att du ska k\u00e4nna dig trygg i v\u00e5r behandling av dina personuppgifter. Vem ansvarar f\u00f6r [&hellip;]<\/p>\n","protected":false},"author":1,"featured_media":0,"parent":0,"menu_order":0,"comment_status":"closed","ping_status":"closed","template":"","meta":{"_uag_custom_page_level_css":"","_exactmetrics_skip_tracking":false,"_exactmetrics_sitenote_active":false,"_exactmetrics_sitenote_note":"","_exactmetrics_sitenote_category":0,"site-sidebar-layout":"no-sidebar","site-content-layout":"page-builder","ast-site-content-layout":"default","site-content-style":"default","site-sidebar-style":"default","ast-global-header-display":"","ast-banner-title-visibility":"","ast-main-header-display":"","ast-hfb-above-header-display":"","ast-hfb-below-header-display":"","ast-hfb-mobile-header-display":"","site-post-title":"disabled","ast-breadcrumbs-content":"","ast-featured-img":"disabled","footer-sml-layout":"","ast-disable-related-posts":"","theme-transparent-header-meta":"","adv-header-id-meta":"","stick-header-meta":"","header-above-stick-meta":"","header-main-stick-meta":"","header-below-stick-meta":"","astra-migrate-meta-layouts":"default","ast-page-background-enabled":"default","ast-page-background-meta":{"desktop":{"background-color":"","background-image":"","background-repeat":"repeat","background-position":"center center","background-size":"auto","background-attachment":"scroll","background-type":"","background-media":"","overlay-type":"","overlay-color":"","overlay-opacity":"","overlay-gradient":""},"tablet":{"background-color":"","background-image":"","background-repeat":"repeat","background-position":"center center","background-size":"auto","background-attachment":"scroll","background-type":"","background-media":"","overlay-type":"","overlay-color":"","overlay-opacity":"","overlay-gradient":""},"mobile":{"background-color":"","background-image":"","background-repeat":"repeat","background-position":"center center","background-size":"auto","background-attachment":"scroll","background-type":"","background-media":"","overlay-type":"","overlay-color":"","overlay-opacity":"","overlay-gradient":""}},"ast-content-background-meta":{"desktop":{"background-color":"var(--ast-global-color-5)","background-image":"","background-repeat":"repeat","background-position":"center center","background-size":"auto","background-attachment":"scroll","background-type":"","background-media":"","overlay-type":"","overlay-color":"","overlay-opacity":"","overlay-gradient":""},"tablet":{"background-color":"var(--ast-global-color-5)","background-image":"","background-repeat":"repeat","background-position":"center center","background-size":"auto","background-attachment":"scroll","background-type":"","background-media":"","overlay-type":"","overlay-color":"","overlay-opacity":"","overlay-gradient":""},"mobile":{"background-color":"var(--ast-global-color-5)","background-image":"","background-repeat":"repeat","background-position":"center center","background-size":"auto","background-attachment":"scroll","background-type":"","background-media":"","overlay-type":"","overlay-color":"","overlay-opacity":"","overlay-gradient":""}},"footnotes":""},"class_list":["post-3606","page","type-page","status-publish","hentry"],"uagb_featured_image_src":{"full":false,"thumbnail":false,"medium":false,"medium_large":false,"large":false,"1536x1536":false,"2048x2048":false,"trp-custom-language-flag":false,"woocommerce_thumbnail":false,"woocommerce_single":false,"woocommerce_gallery_thumbnail":false},"uagb_author_info":{"display_name":"Dennis","author_link":"https:\/\/www.psi100.com\/en\/author\/dennis\/"},"uagb_comment_info":0,"uagb_excerpt":"Integritetspolicy Vi arbetar f\u00f6r att s\u00e4kerst\u00e4lla en h\u00f6g niv\u00e5 av dataskydd som&nbsp;v\u00e4rnar om din personliga integritet vid anv\u00e4ndning av v\u00e5r webbplats. Denna&nbsp;integritetspolicy f\u00f6rklarar d\u00e4rf\u00f6r hur dina personuppgifter bearbetas och&nbsp;skyddas, dina r\u00e4ttigheter och hur du kan g\u00f6ra dem g\u00e4llande. Vi str\u00e4var efter&nbsp;att du ska k\u00e4nna dig trygg i v\u00e5r behandling av dina personuppgifter. Vem ansvarar f\u00f6r&hellip;","_links":{"self":[{"href":"https:\/\/www.psi100.com\/en\/wp-json\/wp\/v2\/pages\/3606","targetHints":{"allow":["GET"]}}],"collection":[{"href":"https:\/\/www.psi100.com\/en\/wp-json\/wp\/v2\/pages"}],"about":[{"href":"https:\/\/www.psi100.com\/en\/wp-json\/wp\/v2\/types\/page"}],"author":[{"embeddable":true,"href":"https:\/\/www.psi100.com\/en\/wp-json\/wp\/v2\/users\/1"}],"replies":[{"embeddable":true,"href":"https:\/\/www.psi100.com\/en\/wp-json\/wp\/v2\/comments?post=3606"}],"version-history":[{"count":3,"href":"https:\/\/www.psi100.com\/en\/wp-json\/wp\/v2\/pages\/3606\/revisions"}],"predecessor-version":[{"id":5453,"href":"https:\/\/www.psi100.com\/en\/wp-json\/wp\/v2\/pages\/3606\/revisions\/5453"}],"wp:attachment":[{"href":"https:\/\/www.psi100.com\/en\/wp-json\/wp\/v2\/media?parent=3606"}],"curies":[{"name":"wp","href":"https:\/\/api.w.org\/{rel}","templated":true}]}}