{"id":3625,"date":"2022-01-18T18:53:54","date_gmt":"2022-01-18T18:53:54","guid":{"rendered":"https:\/\/www.psi100.com\/?page_id=3625"},"modified":"2023-12-10T21:30:44","modified_gmt":"2023-12-10T21:30:44","slug":"claims","status":"publish","type":"page","link":"https:\/\/www.psi100.com\/en\/claims\/","title":{"rendered":"Claims"},"content":{"rendered":"<div data-elementor-type=\"wp-page\" data-elementor-id=\"3625\" class=\"elementor elementor-3625\" data-elementor-post-type=\"page\">\n\t\t\t\t\t\t<section class=\"elementor-section elementor-top-section elementor-element elementor-element-95c070b elementor-section-boxed elementor-section-height-default elementor-section-height-default\" data-id=\"95c070b\" data-element_type=\"section\" data-e-type=\"section\">\n\t\t\t\t\t\t<div class=\"elementor-container elementor-column-gap-default\">\n\t\t\t\t\t<div class=\"elementor-column elementor-col-100 elementor-top-column elementor-element elementor-element-174e36d\" data-id=\"174e36d\" data-element_type=\"column\" data-e-type=\"column\">\n\t\t\t<div class=\"elementor-widget-wrap elementor-element-populated\">\n\t\t\t\t\t\t<div class=\"elementor-element elementor-element-1abb446 elementor-widget elementor-widget-spacer\" data-id=\"1abb446\" data-element_type=\"widget\" data-e-type=\"widget\" data-widget_type=\"spacer.default\">\n\t\t\t\t<div class=\"elementor-widget-container\">\n\t\t\t\t\t\t\t<div class=\"elementor-spacer\">\n\t\t\t<div class=\"elementor-spacer-inner\"><\/div>\n\t\t<\/div>\n\t\t\t\t\t\t<\/div>\n\t\t\t\t<\/div>\n\t\t\t\t<div class=\"elementor-element elementor-element-1577570 elementor-widget-divider--view-line elementor-widget elementor-widget-divider\" data-id=\"1577570\" data-element_type=\"widget\" data-e-type=\"widget\" data-widget_type=\"divider.default\">\n\t\t\t\t<div class=\"elementor-widget-container\">\n\t\t\t\t\t\t\t<div class=\"elementor-divider\">\n\t\t\t<span class=\"elementor-divider-separator\">\n\t\t\t\t\t\t<\/span>\n\t\t<\/div>\n\t\t\t\t\t\t<\/div>\n\t\t\t\t<\/div>\n\t\t\t\t<div class=\"elementor-element elementor-element-0b48933 elementor-widget elementor-widget-heading\" data-id=\"0b48933\" data-element_type=\"widget\" data-e-type=\"widget\" data-widget_type=\"heading.default\">\n\t\t\t\t<div class=\"elementor-widget-container\">\n\t\t\t\t\t<h3 class=\"elementor-heading-title elementor-size-default\">Retur - \u00c5ngra K\u00f6p<\/h3>\t\t\t\t<\/div>\n\t\t\t\t<\/div>\n\t\t\t\t<div class=\"elementor-element elementor-element-5c1e639 elementor-widget elementor-widget-text-editor\" data-id=\"5c1e639\" data-element_type=\"widget\" data-e-type=\"widget\" data-widget_type=\"text-editor.default\">\n\t\t\t\t<div class=\"elementor-widget-container\">\n\t\t\t\t\t\t\t\t\t<p>Som privatperson har du r\u00e4tt till 14 dagars \u00e5ngerr\u00e4tt. F\u00f6rpackning f\u00f6rv\u00e4ntas var obruten\/ej \u00f6ppnad och utan skador eller m\u00e4rken. Returgods emballeras p\u00e5 motsvarande s\u00e4tt som det mottagits. Eventuell fraktkostnad f\u00f6r retur betalas av k\u00f6pare, s\u00e5vida Svea Tools ej \u00e4r orsaken till returen (ex. fraktskada). Vid s\u00e5dan reklamation v\u00e4nligen kontakt oss innan utlastning f\u00f6r f\u00f6rslag p\u00e5 hantering.<\/p><p><span style=\"color: #364156; font-size: 16px;\">Vid fr\u00e5gor \u00e4r ni varmt v\u00e4lkomna att kontakta v\u00e5r kundtj\u00e4nst.<\/span><\/p><p><span style=\"color: #364156;\"><span style=\"font-size: 16px;\">Retur skickas till:<br \/><b>Svea Tools KB<\/b><br \/><b>L\u00e4rlingsgatan 20<\/b><br \/><b>904 22 Ume\u00e5<\/b><\/span><\/span><\/p>\t\t\t\t\t\t\t\t<\/div>\n\t\t\t\t<\/div>\n\t\t\t\t<div class=\"elementor-element elementor-element-f1a468e elementor-widget elementor-widget-heading\" data-id=\"f1a468e\" data-element_type=\"widget\" data-e-type=\"widget\" data-widget_type=\"heading.default\">\n\t\t\t\t<div class=\"elementor-widget-container\">\n\t\t\t\t\t<h3 class=\"elementor-heading-title elementor-size-default\">Reklamera<\/h3>\t\t\t\t<\/div>\n\t\t\t\t<\/div>\n\t\t\t\t<div class=\"elementor-element elementor-element-f2d6b0b elementor-widget elementor-widget-text-editor\" data-id=\"f2d6b0b\" data-element_type=\"widget\" data-e-type=\"widget\" data-widget_type=\"text-editor.default\">\n\t\t\t\t<div class=\"elementor-widget-container\">\n\t\t\t\t\t\t\t\t\t<p>V\u00e4nligen kontakta v\u00e5r kundtj\u00e4nst per mail eller telefon s\u00e5 ger vi instruktioner f\u00f6r reklamation samt f\u00f6rs\u00f6ker hitta en l\u00f6sning omg\u00e5ende. V\u00e4nligen ha ordernummer tillg\u00e4ngligt som referens.<\/p><p><b>E-post:<\/b> info@sveatools.com<br \/><b>Telefon:<\/b> +46 070 626 03 38\u00a0<\/p>\t\t\t\t\t\t\t\t<\/div>\n\t\t\t\t<\/div>\n\t\t\t\t<div class=\"elementor-element elementor-element-a89b7b4 elementor-widget elementor-widget-spacer\" data-id=\"a89b7b4\" data-element_type=\"widget\" data-e-type=\"widget\" data-widget_type=\"spacer.default\">\n\t\t\t\t<div class=\"elementor-widget-container\">\n\t\t\t\t\t\t\t<div class=\"elementor-spacer\">\n\t\t\t<div class=\"elementor-spacer-inner\"><\/div>\n\t\t<\/div>\n\t\t\t\t\t\t<\/div>\n\t\t\t\t<\/div>\n\t\t\t\t\t<\/div>\n\t\t<\/div>\n\t\t\t\t\t<\/div>\n\t\t<\/section>\n\t\t\t\t<\/div>","protected":false},"excerpt":{"rendered":"<p>Retur &#8211; \u00c5ngra K\u00f6p Som privatperson har du r\u00e4tt till 14 dagars \u00e5ngerr\u00e4tt. F\u00f6rpackning f\u00f6rv\u00e4ntas var obruten\/ej \u00f6ppnad och utan skador eller m\u00e4rken. Returgods emballeras p\u00e5 motsvarande s\u00e4tt som det mottagits. Eventuell fraktkostnad f\u00f6r retur betalas av k\u00f6pare, s\u00e5vida Svea Tools ej \u00e4r orsaken till returen (ex. fraktskada). Vid s\u00e5dan reklamation v\u00e4nligen kontakt oss innan [&hellip;]<\/p>\n","protected":false},"author":1,"featured_media":0,"parent":0,"menu_order":0,"comment_status":"closed","ping_status":"closed","template":"","meta":{"_uag_custom_page_level_css":"","_exactmetrics_skip_tracking":false,"_exactmetrics_sitenote_active":false,"_exactmetrics_sitenote_note":"","_exactmetrics_sitenote_category":0,"site-sidebar-layout":"no-sidebar","site-content-layout":null,"ast-site-content-layout":"full-width-container","site-content-style":"unboxed","site-sidebar-style":"unboxed","ast-global-header-display":"","ast-banner-title-visibility":"","ast-main-header-display":"","ast-hfb-above-header-display":"","ast-hfb-below-header-display":"","ast-hfb-mobile-header-display":"","site-post-title":"disabled","ast-breadcrumbs-content":"","ast-featured-img":"disabled","footer-sml-layout":"","ast-disable-related-posts":"","theme-transparent-header-meta":"","adv-header-id-meta":"","stick-header-meta":"","header-above-stick-meta":null,"header-main-stick-meta":"","header-below-stick-meta":"","astra-migrate-meta-layouts":"default","ast-page-background-enabled":"default","ast-page-background-meta":{"desktop":{"background-color":"","background-image":"","background-repeat":"repeat","background-position":"center center","background-size":"auto","background-attachment":"scroll","background-type":"","background-media":"","overlay-type":"","overlay-color":"","overlay-opacity":"","overlay-gradient":""},"tablet":{"background-color":"","background-image":"","background-repeat":"repeat","background-position":"center center","background-size":"auto","background-attachment":"scroll","background-type":"","background-media":"","overlay-type":"","overlay-color":"","overlay-opacity":"","overlay-gradient":""},"mobile":{"background-color":"","background-image":"","background-repeat":"repeat","background-position":"center center","background-size":"auto","background-attachment":"scroll","background-type":"","background-media":"","overlay-type":"","overlay-color":"","overlay-opacity":"","overlay-gradient":""}},"ast-content-background-meta":{"desktop":{"background-color":"var(--ast-global-color-5)","background-image":"","background-repeat":"repeat","background-position":"center center","background-size":"auto","background-attachment":"scroll","background-type":"","background-media":"","overlay-type":"","overlay-color":"","overlay-opacity":"","overlay-gradient":""},"tablet":{"background-color":"var(--ast-global-color-5)","background-image":"","background-repeat":"repeat","background-position":"center center","background-size":"auto","background-attachment":"scroll","background-type":"","background-media":"","overlay-type":"","overlay-color":"","overlay-opacity":"","overlay-gradient":""},"mobile":{"background-color":"var(--ast-global-color-5)","background-image":"","background-repeat":"repeat","background-position":"center center","background-size":"auto","background-attachment":"scroll","background-type":"","background-media":"","overlay-type":"","overlay-color":"","overlay-opacity":"","overlay-gradient":""}},"footnotes":""},"class_list":["post-3625","page","type-page","status-publish","hentry"],"uagb_featured_image_src":{"full":false,"thumbnail":false,"medium":false,"medium_large":false,"large":false,"1536x1536":false,"2048x2048":false,"trp-custom-language-flag":false,"woocommerce_thumbnail":false,"woocommerce_single":false,"woocommerce_gallery_thumbnail":false},"uagb_author_info":{"display_name":"Dennis","author_link":"https:\/\/www.psi100.com\/en\/author\/dennis\/"},"uagb_comment_info":0,"uagb_excerpt":"Retur &#8211; \u00c5ngra K\u00f6p Som privatperson har du r\u00e4tt till 14 dagars \u00e5ngerr\u00e4tt. F\u00f6rpackning f\u00f6rv\u00e4ntas var obruten\/ej \u00f6ppnad och utan skador eller m\u00e4rken. Returgods emballeras p\u00e5 motsvarande s\u00e4tt som det mottagits. Eventuell fraktkostnad f\u00f6r retur betalas av k\u00f6pare, s\u00e5vida Svea Tools ej \u00e4r orsaken till returen (ex. fraktskada). Vid s\u00e5dan reklamation v\u00e4nligen kontakt oss innan&hellip;","_links":{"self":[{"href":"https:\/\/www.psi100.com\/en\/wp-json\/wp\/v2\/pages\/3625","targetHints":{"allow":["GET"]}}],"collection":[{"href":"https:\/\/www.psi100.com\/en\/wp-json\/wp\/v2\/pages"}],"about":[{"href":"https:\/\/www.psi100.com\/en\/wp-json\/wp\/v2\/types\/page"}],"author":[{"embeddable":true,"href":"https:\/\/www.psi100.com\/en\/wp-json\/wp\/v2\/users\/1"}],"replies":[{"embeddable":true,"href":"https:\/\/www.psi100.com\/en\/wp-json\/wp\/v2\/comments?post=3625"}],"version-history":[{"count":9,"href":"https:\/\/www.psi100.com\/en\/wp-json\/wp\/v2\/pages\/3625\/revisions"}],"predecessor-version":[{"id":5437,"href":"https:\/\/www.psi100.com\/en\/wp-json\/wp\/v2\/pages\/3625\/revisions\/5437"}],"wp:attachment":[{"href":"https:\/\/www.psi100.com\/en\/wp-json\/wp\/v2\/media?parent=3625"}],"curies":[{"name":"wp","href":"https:\/\/api.w.org\/{rel}","templated":true}]}}