{"id":5455,"date":"2023-05-07T20:20:23","date_gmt":"2023-05-07T20:20:23","guid":{"rendered":"https:\/\/www.psi100.com\/?page_id=5455"},"modified":"2023-12-10T21:11:40","modified_gmt":"2023-12-10T21:11:40","slug":"kopvillkor","status":"publish","type":"page","link":"https:\/\/www.psi100.com\/en\/kopvillkor\/","title":{"rendered":"Terms &amp; Conditions"},"content":{"rendered":"<div data-elementor-type=\"wp-page\" data-elementor-id=\"5455\" class=\"elementor elementor-5455\" data-elementor-post-type=\"page\">\n\t\t\t\t\t\t<section class=\"elementor-section elementor-top-section elementor-element elementor-element-2e37a9d elementor-section-boxed elementor-section-height-default elementor-section-height-default\" data-id=\"2e37a9d\" data-element_type=\"section\" data-e-type=\"section\">\n\t\t\t\t\t\t<div class=\"elementor-container elementor-column-gap-default\">\n\t\t\t\t\t<div class=\"elementor-column elementor-col-100 elementor-top-column elementor-element elementor-element-86c2dbb\" data-id=\"86c2dbb\" data-element_type=\"column\" data-e-type=\"column\">\n\t\t\t<div class=\"elementor-widget-wrap elementor-element-populated\">\n\t\t\t\t\t\t<div class=\"elementor-element elementor-element-a68edf1 elementor-widget elementor-widget-spacer\" data-id=\"a68edf1\" data-element_type=\"widget\" data-e-type=\"widget\" data-widget_type=\"spacer.default\">\n\t\t\t\t<div class=\"elementor-widget-container\">\n\t\t\t\t\t\t\t<div class=\"elementor-spacer\">\n\t\t\t<div class=\"elementor-spacer-inner\"><\/div>\n\t\t<\/div>\n\t\t\t\t\t\t<\/div>\n\t\t\t\t<\/div>\n\t\t\t\t<div class=\"elementor-element elementor-element-18c628a elementor-widget elementor-widget-heading\" data-id=\"18c628a\" data-element_type=\"widget\" data-e-type=\"widget\" data-widget_type=\"heading.default\">\n\t\t\t\t<div class=\"elementor-widget-container\">\n\t\t\t\t\t<h1 class=\"elementor-heading-title elementor-size-default\">Terms &amp; Conditions<\/h1>\t\t\t\t<\/div>\n\t\t\t\t<\/div>\n\t\t\t\t\t<\/div>\n\t\t<\/div>\n\t\t\t\t\t<\/div>\n\t\t<\/section>\n\t\t\t\t<section class=\"elementor-section elementor-top-section elementor-element elementor-element-3cc7f06 elementor-section-boxed elementor-section-height-default elementor-section-height-default\" data-id=\"3cc7f06\" data-element_type=\"section\" data-e-type=\"section\">\n\t\t\t\t\t\t<div class=\"elementor-container elementor-column-gap-default\">\n\t\t\t\t\t<div class=\"elementor-column elementor-col-100 elementor-top-column elementor-element elementor-element-effbb0f\" data-id=\"effbb0f\" data-element_type=\"column\" data-e-type=\"column\">\n\t\t\t<div class=\"elementor-widget-wrap elementor-element-populated\">\n\t\t\t\t\t\t<div class=\"elementor-element elementor-element-b5603f1 elementor-widget elementor-widget-text-editor\" data-id=\"b5603f1\" data-element_type=\"widget\" data-e-type=\"widget\" data-widget_type=\"text-editor.default\">\n\t\t\t\t<div class=\"elementor-widget-container\">\n\t\t\t\t\t\t\t\t\t<p><strong>\u00a0F\u00f6retagsinformation<\/strong><br \/>F\u00f6r k\u00f6p som sker p\u00e5 PSI100.com ansvarar Svea Tools KB, 969799-2767. Postadress Godemansv\u00e4gen 14B, 903 55 Ume\u00e5. Bes\u00f6ks- \/lageradress: L\u00e4rlingsgatan 20, 904 22 Ume\u00e5.<\/p><p><b style=\"font-size: 16px;\">Priser och produktbilder<\/b><span style=\"font-size: 16px;\"><b><br \/><\/b><\/span><span style=\"font-style: inherit; font-weight: inherit; background-color: var(--ast-global-color-4); color: var(--ast-global-color-3);\">Samtliga priser anges inklusive moms eller exklusive moms, beroende p\u00e5 din kundprofil (privatperson eller f\u00f6retagskund). Totalkostnaden f\u00f6r k\u00f6pet kommer att framkomma tydligt innan slutlig best\u00e4llning och kommer att inkludera samtliga kostnader f\u00f6renade med k\u00f6pet, inklusive eventuella\u00a0 fraktkostnader.<\/span><\/p><p>Produktbilderna p\u00e5 hemsidan garanterar inte att varans exakta utseende och beskaffenhet \u00e5terges. Vi reserverar oss f\u00f6r eventuella fel i produktinformationen och f\u00f6rbeh\u00e5ller oss r\u00e4tten att \u00e4ndra produktinformation och priser utan f\u00f6reg\u00e5ende avisering.<\/p><p>PSI100.com reserverar sig f\u00f6r eventuella fel i pris- och produktinformation p\u00e5 hemsidan. Vid eventuella felaktigheter f\u00f6rbeh\u00e5lls r\u00e4tten att korrigera detta i efterhand. Vi f\u00f6rbeh\u00e5ller oss r\u00e4tten att annullera felaktiga ordrar (teknsika fel).<\/p><p><em>Copyright<br \/><\/em><span style=\"font-style: inherit; font-weight: inherit; background-color: var(--ast-global-color-4); color: var(--ast-global-color-3);\">Allt inneh\u00e5ll p\u00e5 den h\u00e4r webbplatsen, s\u00e5 som text, grafik, logotyper, bilder, ljudklipp, digitala nedladdningar och annan mjukvara, tillh\u00f6r PSI100.com och \u00e4r skyddat av svenska och internationella upphovsr\u00e4ttslagar.<\/span><\/p><p><strong>Frakt- och Leveransinformation<\/strong><em><br \/>Leveranstid<\/em><br \/>PSI100.com skickar vanligtvis best\u00e4lld vara inom 1 arbetsdag efter att ordern mottagits. N\u00e4r varan har l\u00e4mnat v\u00e5rt lager \u00f6verg\u00e5r leveransansvaret till Schenker som levererar din order. Normal leveranstid \u00e4r 2-5 arbetsdagar inom Sverige. PSI100.com kan inte l\u00e4mna n\u00e5gon f\u00f6rseningsgaranti f\u00f6r varor som inte finns i lager vid best\u00e4llningstidpunkt eller f\u00f6r varor som l\u00e4mnat v\u00e5rt lager. Det betyder att den totala leveranstiden kan avvika mot vad som anges normalt f\u00f6r valt frakts\u00e4tt. \u00a0<\/p><p>Meddelande om eventuella avvikelser fr\u00e5n den normala leveranstiden eller informationen p\u00e5 hemsidan f\u00e5r du i samband med orderbekr\u00e4ftelsen, alternativt i efterhand via separat mail. Du har d\u00e5 givetvis r\u00e4tt att avst\u00e5, alternativt \u00e4ndra din best\u00e4llning.<\/p><p><em>Fraktskada<br \/><\/em>Skador som kan uppst\u00e5 under transporten hem till dig st\u00e5r PSI100.com f\u00f6r, under f\u00f6ruts\u00e4ttning att du anm\u00e4ler skadan omg\u00e5ende. Om du vid mottagandet uppt\u00e4cker att f\u00f6rs\u00e4ndelsen \u00e4r transportskadad, antingen p\u00e5 produkten eller p\u00e5 emballaget, ber vi dig att genast p\u00e5 plats anm\u00e4la detta till fraktbolaget genom att notera skadan p\u00e5 fraktsedeln innan leveransen kvitteras. Anm\u00e4l d\u00e4refter skadan direkt (inom 5 dagar) till v\u00e5r kundservice s\u00e5 att vi p\u00e5 b\u00e4sta s\u00e4tt kan hj\u00e4lpa dig med reklamationen. Fram tills reklamationen\/skade\u00e4rendet \u00e4r reglerat med PSI100.com beh\u00f6ver du spara emballaget och varan f\u00f6r eventuell inspektion.<\/p><p><em>Ej mottagen leverans<br \/><\/em>Vi f\u00f6rbeh\u00e5ller oss r\u00e4tten att debitera kostnaderna f\u00f6r den hantering som uppst\u00e5r vid ej uth\u00e4mtade paket\/mottagna leveranser (returfrakt, expeditionskostnad etc). Debitering baseras p\u00e5 den kostnad som fraktbolaget debiterar PSI100.com. Minsta debitering 99kr inkl. moms. Eventuellt nya fraktf\u00f6rs\u00f6k bekostas av kunden.<\/p><p><b style=\"font-size: 16px;\">Avbest\u00e4llning<\/b><span style=\"font-size: 16px;\"><b><br \/><\/b><\/span><span style=\"font-style: inherit; font-weight: inherit; background-color: var(--ast-global-color-4); color: var(--ast-global-color-3);\">Om du \u00f6nskar att avbest\u00e4lla en order ska detta g\u00f6ras innan utlastning sker. Vi ber er d\u00e5 kontakta v\u00e5r kundtj\u00e4nst f\u00f6r instruktion och information om \u00e5terbetalning.<\/span><\/p><p><b style=\"font-size: 16px;\">Reklamation<\/b><span style=\"font-size: 16px;\"><b><br \/><\/b><\/span><span style=\"font-style: inherit; font-weight: inherit; background-color: var(--ast-global-color-4); color: var(--ast-global-color-3);\">Se mer information och instruktion om <a href=\"https:\/\/www.psi100.com\/en\/return-of-goods\/\"><span style=\"color: #ff6600;\">Reklamation<\/span><\/a>.<\/span><\/p><p><b style=\"font-size: 16px;\">\u00c5ngerr\u00e4tt och returer<\/b><span style=\"font-size: 16px;\"><b><br \/><\/b><\/span><span style=\"font-style: inherit; font-weight: inherit; background-color: var(--ast-global-color-4); color: var(--ast-global-color-3);\">\u00c5ngerr\u00e4tten g\u00e4ller i 14 dagar fr\u00e5n det att du som k\u00f6pare har mottagit varan, enligt lag om distansavtal och avtal utanf\u00f6r aff\u00e4rslokaler (SFS 2005:59). Om du vill \u00e5ngra k\u00f6pet och returnerar varan i v\u00e4sentligt of\u00f6r\u00e4ndrat skick f\u00e5r du tillbaka k\u00f6pesumman f\u00f6r varan, dock ej fraktkostnaden.<\/span><\/p><p>Se mer information och instruktion om <span style=\"color: #ff6600;\"><a style=\"color: #ff6600;\" href=\"https:\/\/www.psi100.com\/en\/return-of-goods\/\">Retur<\/a><\/span>.<\/p><p><b style=\"font-size: 16px;\">Betalning<\/b><span style=\"font-size: 16px;\"><b><br \/><\/b><\/span><span style=\"font-style: inherit; font-weight: inherit; background-color: var(--ast-global-color-4); color: var(--ast-global-color-3);\">PSI100.com erbjuder betalning via kort, Swish och faktura.\u00a0<\/span><span style=\"background-color: var(--ast-global-color-4); color: var(--ast-global-color-3); font-size: 1rem;\">Fakturabetalning hanteras av PSI100.com direkt.\u00a0<\/span><span style=\"background-color: var(--ast-global-color-4); color: var(--ast-global-color-3); font-style: inherit; font-weight: inherit;\">\u00a0\u00d6vriga betalmetoder hanteras genom Payson, Svea Bank AB.\u00a0<\/span><\/p><p><em style=\"font-weight: inherit; color: var(--ast-global-color-3); background-color: var(--ast-global-color-4);\">\u00c5terbetalning<\/em><\/p><p><span style=\"font-style: inherit; font-weight: inherit; background-color: var(--ast-global-color-4); color: var(--ast-global-color-3);\">En \u00e5terbetalning\/kreditering sker i f\u00f6rsta hand till det ursprungliga betals\u00e4ttet, vilket normalt sker inom 10 arbetsdagar. \u00c5terbetalning kan enbart ske till samma kort som anv\u00e4ndes vid k\u00f6ptillf\u00e4llet och enbart till kort som \u00e4r utf\u00e4rdade i Sverige och till svenska bankkonton.<\/span><\/p><p><b>Tvist<br \/><\/b><span style=\"font-style: inherit; font-weight: inherit; background-color: var(--ast-global-color-4); color: var(--ast-global-color-3);\">I tillf\u00e4lle av att tvist inte kan l\u00f6sas i samf\u00f6rst\u00e5nd med f\u00f6retagets kundtj\u00e4nst och kunden, kan du som kund v\u00e4nda dig till <span style=\"color: #ff6600;\"><a style=\"color: #ff6600;\" href=\"http:\/\/www.arn.se\">Allm\u00e4nna Reklamationsn\u00e4mnden<\/a><\/span>.<\/span><\/p>\t\t\t\t\t\t\t\t<\/div>\n\t\t\t\t<\/div>\n\t\t\t\t\t<\/div>\n\t\t<\/div>\n\t\t\t\t\t<\/div>\n\t\t<\/section>\n\t\t\t\t<\/div>","protected":false},"excerpt":{"rendered":"<p>K\u00f6pvillkor \u00a0F\u00f6retagsinformationF\u00f6r k\u00f6p som sker p\u00e5 PSI100.com ansvarar Svea Tools KB, 969799-2767. Postadress Godemansv\u00e4gen 14B, 903 55 Ume\u00e5. Bes\u00f6ks- \/lageradress: L\u00e4rlingsgatan 20, 904 22 Ume\u00e5. Priser och produktbilderSamtliga priser anges inklusive moms eller exklusive moms, beroende p\u00e5 din kundprofil (privatperson eller f\u00f6retagskund). Totalkostnaden f\u00f6r k\u00f6pet kommer att framkomma tydligt innan slutlig best\u00e4llning och kommer att [&hellip;]<\/p>\n","protected":false},"author":1,"featured_media":0,"parent":0,"menu_order":0,"comment_status":"closed","ping_status":"closed","template":"","meta":{"_uag_custom_page_level_css":"","_exactmetrics_skip_tracking":false,"_exactmetrics_sitenote_active":false,"_exactmetrics_sitenote_note":"","_exactmetrics_sitenote_category":0,"site-sidebar-layout":"no-sidebar","site-content-layout":null,"ast-site-content-layout":"full-width-container","site-content-style":"unboxed","site-sidebar-style":"unboxed","ast-global-header-display":"","ast-banner-title-visibility":"","ast-main-header-display":"","ast-hfb-above-header-display":"","ast-hfb-below-header-display":"","ast-hfb-mobile-header-display":"","site-post-title":"disabled","ast-breadcrumbs-content":"","ast-featured-img":"disabled","footer-sml-layout":"","ast-disable-related-posts":"","theme-transparent-header-meta":"","adv-header-id-meta":"","stick-header-meta":"","header-above-stick-meta":null,"header-main-stick-meta":"","header-below-stick-meta":"","astra-migrate-meta-layouts":"default","ast-page-background-enabled":"default","ast-page-background-meta":{"desktop":{"background-color":"","background-image":"","background-repeat":"repeat","background-position":"center center","background-size":"auto","background-attachment":"scroll","background-type":"","background-media":"","overlay-type":"","overlay-color":"","overlay-opacity":"","overlay-gradient":""},"tablet":{"background-color":"","background-image":"","background-repeat":"repeat","background-position":"center center","background-size":"auto","background-attachment":"scroll","background-type":"","background-media":"","overlay-type":"","overlay-color":"","overlay-opacity":"","overlay-gradient":""},"mobile":{"background-color":"","background-image":"","background-repeat":"repeat","background-position":"center center","background-size":"auto","background-attachment":"scroll","background-type":"","background-media":"","overlay-type":"","overlay-color":"","overlay-opacity":"","overlay-gradient":""}},"ast-content-background-meta":{"desktop":{"background-color":"var(--ast-global-color-5)","background-image":"","background-repeat":"repeat","background-position":"center center","background-size":"auto","background-attachment":"scroll","background-type":"","background-media":"","overlay-type":"","overlay-color":"","overlay-opacity":"","overlay-gradient":""},"tablet":{"background-color":"var(--ast-global-color-5)","background-image":"","background-repeat":"repeat","background-position":"center center","background-size":"auto","background-attachment":"scroll","background-type":"","background-media":"","overlay-type":"","overlay-color":"","overlay-opacity":"","overlay-gradient":""},"mobile":{"background-color":"var(--ast-global-color-5)","background-image":"","background-repeat":"repeat","background-position":"center center","background-size":"auto","background-attachment":"scroll","background-type":"","background-media":"","overlay-type":"","overlay-color":"","overlay-opacity":"","overlay-gradient":""}},"footnotes":""},"class_list":["post-5455","page","type-page","status-publish","hentry"],"uagb_featured_image_src":{"full":false,"thumbnail":false,"medium":false,"medium_large":false,"large":false,"1536x1536":false,"2048x2048":false,"trp-custom-language-flag":false,"woocommerce_thumbnail":false,"woocommerce_single":false,"woocommerce_gallery_thumbnail":false},"uagb_author_info":{"display_name":"Dennis","author_link":"https:\/\/www.psi100.com\/en\/author\/dennis\/"},"uagb_comment_info":0,"uagb_excerpt":"K\u00f6pvillkor \u00a0F\u00f6retagsinformationF\u00f6r k\u00f6p som sker p\u00e5 PSI100.com ansvarar Svea Tools KB, 969799-2767. Postadress Godemansv\u00e4gen 14B, 903 55 Ume\u00e5. Bes\u00f6ks- \/lageradress: L\u00e4rlingsgatan 20, 904 22 Ume\u00e5. Priser och produktbilderSamtliga priser anges inklusive moms eller exklusive moms, beroende p\u00e5 din kundprofil (privatperson eller f\u00f6retagskund). Totalkostnaden f\u00f6r k\u00f6pet kommer att framkomma tydligt innan slutlig best\u00e4llning och kommer att&hellip;","_links":{"self":[{"href":"https:\/\/www.psi100.com\/en\/wp-json\/wp\/v2\/pages\/5455","targetHints":{"allow":["GET"]}}],"collection":[{"href":"https:\/\/www.psi100.com\/en\/wp-json\/wp\/v2\/pages"}],"about":[{"href":"https:\/\/www.psi100.com\/en\/wp-json\/wp\/v2\/types\/page"}],"author":[{"embeddable":true,"href":"https:\/\/www.psi100.com\/en\/wp-json\/wp\/v2\/users\/1"}],"replies":[{"embeddable":true,"href":"https:\/\/www.psi100.com\/en\/wp-json\/wp\/v2\/comments?post=5455"}],"version-history":[{"count":11,"href":"https:\/\/www.psi100.com\/en\/wp-json\/wp\/v2\/pages\/5455\/revisions"}],"predecessor-version":[{"id":5546,"href":"https:\/\/www.psi100.com\/en\/wp-json\/wp\/v2\/pages\/5455\/revisions\/5546"}],"wp:attachment":[{"href":"https:\/\/www.psi100.com\/en\/wp-json\/wp\/v2\/media?parent=5455"}],"curies":[{"name":"wp","href":"https:\/\/api.w.org\/{rel}","templated":true}]}}