{"id":375,"date":"2017-12-21T04:45:24","date_gmt":"2017-12-21T04:45:24","guid":{"rendered":"https:\/\/www.psi100.com\/product\/dnk-black-shoes\/"},"modified":"2025-05-28T20:32:53","modified_gmt":"2025-05-28T20:32:53","slug":"psi100-entreprenad-25l","status":"publish","type":"product","link":"https:\/\/www.psi100.com\/en\/product\/psi100-entreprenad-25l\/","title":{"rendered":"PSI100 \u2013 Construction\u2013 25L"},"content":{"rendered":"<div data-elementor-type=\"wp-post\" data-elementor-id=\"375\" class=\"elementor elementor-375\" data-elementor-post-type=\"product\">\n\t\t\t\t\t\t<section class=\"elementor-section elementor-top-section elementor-element elementor-element-471a294 elementor-section-boxed elementor-section-height-default elementor-section-height-default\" data-id=\"471a294\" data-element_type=\"section\" data-e-type=\"section\">\n\t\t\t\t\t\t<div class=\"elementor-container elementor-column-gap-default\">\n\t\t\t\t\t<div class=\"elementor-column elementor-col-100 elementor-top-column elementor-element elementor-element-59fd5c39\" data-id=\"59fd5c39\" data-element_type=\"column\" data-e-type=\"column\">\n\t\t\t<div class=\"elementor-widget-wrap elementor-element-populated\">\n\t\t\t\t\t\t<div class=\"elementor-element elementor-element-f2064bb elementor-widget elementor-widget-text-editor\" data-id=\"f2064bb\" data-element_type=\"widget\" data-e-type=\"widget\" data-widget_type=\"text-editor.default\">\n\t\t\t\t<div class=\"elementor-widget-container\">\n\t\t\t\t\t\t\t\t\t<p>PSI100 is a preventive puncture protection solution that effectively seals air leakage the moment it occurs and thus ensures a constant tire pressure for better operational reliability.<\/p>\n<p><strong>Less downtime and lower repair costs in production<br><\/strong>A puncture is not only expensive to repair, it also often involves significant indirect costs such as lost production, damaged rims and destroyed tires. With PSI100 Construction, these problems are effectively prevented. The puncture protection solution is designed to suit heavy machines (&gt;3000kg), lower speeds (&lt;50km\/h) and more extensive damage. Wheel loaders in exposed environments, machines in mines and quarries, logging in remote locations or agricultural work \u2013 the areas of use for this product are many.<\/p>\n<p>PSI100 Construction seals significant puncture damage on and adjacent to the tread, up to 25mm as well as dry cracks and pores. The seal remains strong and durable over the life span of the tire.<\/p>\n<p><strong>User friendly<\/strong><br>For commercial vehicles and industry customers, we know that simple and cost-effective processes are crucial. With that in mind, we have developed important tools and product features for PSI100 Construction:<\/p>\n<ul>\n<li><b>Pneumatic Quick-Fill System<\/b> d\u00e4r PSI100 kan injiceras i ett trycksatt d\u00e4ck. Dvs. du \u00e4r fri att installera punkteringsskyddet n\u00e4r du vill och utan att beh\u00f6va t\u00f6mma d\u00e4cket p\u00e5 luft. P\u00e5fyllnad per d\u00e4ck g\u00e5r p\u00e5 enstaka minuter och doseringen blir exakt tack vare tillh\u00f6rande fl\u00f6desm\u00e4tare.<\/li>\n<li><b>Punkteringsv\u00e4tskan \u00e4r milj\u00f6v\u00e4nlig<\/b>&nbsp;without toxic glycols or latex substances. Product is easily cleaned\/removed with water.<\/li>\n<li>PSI100 Construction has a&nbsp;<b>built-in puncture indicator<\/b> which can mark where a puncture previously occurred. By illuminating the tire from the outside with UV light, a fluorescent color appears in the damaged area. This can be valuable in case of major damage where inspection and follow-up is recommended.<\/li>\n<li><b>A product for all temperatures.<\/b> Ofta skiljer konkurrenter till PSI100 p\u00e5 sommar och vinterprodukter. I v\u00e5r mening skapar det on\u00f6dig planering och \u00f6kad risk. PSI100 fungerar praktiskt taget i alla temperaturer (&gt; -35C<sup>O&nbsp;<\/sup>)<\/li>\n<\/ul>\t\t\t\t\t\t\t\t<\/div>\n\t\t\t\t<\/div>\n\t\t\t\t\t<\/div>\n\t\t<\/div>\n\t\t\t\t\t<\/div>\n\t\t<\/section>\n\t\t\t\t<\/div>","protected":false},"excerpt":{"rendered":"<p>Preventive puncture protection solution that effectively seals air leakage the moment it occurs.<\/p>\n<p>PSI100 Construction puncture prodection solution is developed with focus on operational reliability and improved cost of ownership in industry with heavy vehicles. Product is mainly suitable for:<\/p>\n<ul>\n<li><b>Wheel loaders<\/b><\/li>\n<li><b>Dumpers<\/b><\/li>\n<li><b>Forestry machinery<\/b><\/li>\n<li><b><span style=\"color: var(--ast-global-color-3); font-style: inherit;\">Agricultural machinery<\/span><\/b><\/li>\n<\/ul>\n<p><span style=\"font-style: inherit; font-weight: inherit; color: var(--ast-global-color-3);\">PSI100 Construction seals significant puncture damage on and adjacent to the tread, up to 25mm as well as dry cracks and pores. <\/span><span style=\"font-size: 16px;\">The seal becomes strong and durable during the tire life span.<\/span><\/p>\n<p>Volume per tire 2-10 liters, depending on dimension. Before ordering and injection, see Volume calculator or Volume table below.<\/p>\n<p>PSI100 is eco-friendly and user-friendly without e.g. glycols and latex substances.<\/p>","protected":false},"featured_media":5398,"comment_status":"open","ping_status":"closed","template":"","meta":{"_uag_custom_page_level_css":"","_exactmetrics_skip_tracking":false,"_exactmetrics_sitenote_active":false,"_exactmetrics_sitenote_note":"","_exactmetrics_sitenote_category":0,"site-sidebar-layout":"default","site-content-layout":"","ast-site-content-layout":"default","site-content-style":"default","site-sidebar-style":"default","ast-global-header-display":"","ast-banner-title-visibility":"","ast-main-header-display":"","ast-hfb-above-header-display":"","ast-hfb-below-header-display":"","ast-hfb-mobile-header-display":"","site-post-title":"","ast-breadcrumbs-content":"","ast-featured-img":"","footer-sml-layout":"","ast-disable-related-posts":"","theme-transparent-header-meta":"default","adv-header-id-meta":"","stick-header-meta":"default","header-above-stick-meta":"","header-main-stick-meta":"","header-below-stick-meta":"","astra-migrate-meta-layouts":"set","ast-page-background-enabled":"default","ast-page-background-meta":{"desktop":{"background-color":"","background-image":"","background-repeat":"repeat","background-position":"center center","background-size":"auto","background-attachment":"scroll","background-type":"","background-media":"","overlay-type":"","overlay-color":"","overlay-opacity":"","overlay-gradient":""},"tablet":{"background-color":"","background-image":"","background-repeat":"repeat","background-position":"center center","background-size":"auto","background-attachment":"scroll","background-type":"","background-media":"","overlay-type":"","overlay-color":"","overlay-opacity":"","overlay-gradient":""},"mobile":{"background-color":"","background-image":"","background-repeat":"repeat","background-position":"center center","background-size":"auto","background-attachment":"scroll","background-type":"","background-media":"","overlay-type":"","overlay-color":"","overlay-opacity":"","overlay-gradient":""}},"ast-content-background-meta":{"desktop":{"background-color":"var(--ast-global-color-5)","background-image":"","background-repeat":"repeat","background-position":"center center","background-size":"auto","background-attachment":"scroll","background-type":"","background-media":"","overlay-type":"","overlay-color":"","overlay-opacity":"","overlay-gradient":""},"tablet":{"background-color":"var(--ast-global-color-5)","background-image":"","background-repeat":"repeat","background-position":"center center","background-size":"auto","background-attachment":"scroll","background-type":"","background-media":"","overlay-type":"","overlay-color":"","overlay-opacity":"","overlay-gradient":""},"mobile":{"background-color":"var(--ast-global-color-5)","background-image":"","background-repeat":"repeat","background-position":"center center","background-size":"auto","background-attachment":"scroll","background-type":"","background-media":"","overlay-type":"","overlay-color":"","overlay-opacity":"","overlay-gradient":""}}},"product_brand":[],"product_cat":[167],"product_tag":[168],"class_list":{"0":"post-375","1":"product","2":"type-product","3":"status-publish","4":"has-post-thumbnail","6":"product_cat-entreprenad","7":"product_tag-psi100","8":"desktop-align-left","9":"tablet-align-left","10":"mobile-align-left","11":"ast-product-gallery-layout-horizontal-slider","12":"ast-magnify-disabled","13":"ast-product-tabs-layout-horizontal","15":"first","16":"instock","17":"featured","18":"taxable","19":"shipping-taxable","20":"product-type-simple"},"uagb_featured_image_src":{"full":["https:\/\/www.psi100.com\/wp-content\/uploads\/2023\/04\/Product_25liter_Rityta-1.png",1375,1375,false],"thumbnail":["https:\/\/www.psi100.com\/wp-content\/uploads\/2023\/04\/Product_25liter_Rityta-1-150x150.png",150,150,true],"medium":["https:\/\/www.psi100.com\/wp-content\/uploads\/2023\/04\/Product_25liter_Rityta-1-300x300.png",300,300,true],"medium_large":["https:\/\/www.psi100.com\/wp-content\/uploads\/2023\/04\/Product_25liter_Rityta-1-768x768.png",768,768,true],"large":["https:\/\/www.psi100.com\/wp-content\/uploads\/2023\/04\/Product_25liter_Rityta-1-1024x1024.png",1024,1024,true],"1536x1536":["https:\/\/www.psi100.com\/wp-content\/uploads\/2023\/04\/Product_25liter_Rityta-1.png",1375,1375,false],"2048x2048":["https:\/\/www.psi100.com\/wp-content\/uploads\/2023\/04\/Product_25liter_Rityta-1.png",1375,1375,false],"trp-custom-language-flag":["https:\/\/www.psi100.com\/wp-content\/uploads\/2023\/04\/Product_25liter_Rityta-1-12x12.png",12,12,true],"woocommerce_thumbnail":["https:\/\/www.psi100.com\/wp-content\/uploads\/2023\/04\/Product_25liter_Rityta-1-300x300.png",300,300,true],"woocommerce_single":["https:\/\/www.psi100.com\/wp-content\/uploads\/2023\/04\/Product_25liter_Rityta-1-600x600.png",600,600,true],"woocommerce_gallery_thumbnail":["https:\/\/www.psi100.com\/wp-content\/uploads\/2023\/04\/Product_25liter_Rityta-1-100x100.png",100,100,true]},"uagb_author_info":{"display_name":"Dennis","author_link":"https:\/\/www.psi100.com\/en\/author\/"},"uagb_comment_info":5,"uagb_excerpt":"F\u00f6rbyggande punkteringsv\u00e4tska som effektivt t\u00e4tar luftl\u00e4ckage i stunden det uppst\u00e5r. PSI100 Entreprenad \u00e4r framtaget med fokus p\u00e5 drifts\u00e4kerhet och totalekonomi i industri med tunga fordon. Produkten l\u00e4mpar sig fr\u00e4mst f\u00f6r: Hjullastare Dumpers Skogsmaskiner Lantbruksmaskiner T\u00e4tar betydande stickskador p\u00e5 och i anslutning till slitbanan upp till 25mm samt torrsprickor och porer. Lagningen blir stark och best\u00e4ndig&hellip;","_links":{"self":[{"href":"https:\/\/www.psi100.com\/en\/wp-json\/wp\/v2\/product\/375","targetHints":{"allow":["GET"]}}],"collection":[{"href":"https:\/\/www.psi100.com\/en\/wp-json\/wp\/v2\/product"}],"about":[{"href":"https:\/\/www.psi100.com\/en\/wp-json\/wp\/v2\/types\/product"}],"replies":[{"embeddable":true,"href":"https:\/\/www.psi100.com\/en\/wp-json\/wp\/v2\/comments?post=375"}],"version-history":[{"count":15,"href":"https:\/\/www.psi100.com\/en\/wp-json\/wp\/v2\/product\/375\/revisions"}],"predecessor-version":[{"id":5625,"href":"https:\/\/www.psi100.com\/en\/wp-json\/wp\/v2\/product\/375\/revisions\/5625"}],"wp:featuredmedia":[{"embeddable":true,"href":"https:\/\/www.psi100.com\/en\/wp-json\/wp\/v2\/media\/5398"}],"wp:attachment":[{"href":"https:\/\/www.psi100.com\/en\/wp-json\/wp\/v2\/media?parent=375"}],"wp:term":[{"taxonomy":"product_brand","embeddable":true,"href":"https:\/\/www.psi100.com\/en\/wp-json\/wp\/v2\/product_brand?post=375"},{"taxonomy":"product_cat","embeddable":true,"href":"https:\/\/www.psi100.com\/en\/wp-json\/wp\/v2\/product_cat?post=375"},{"taxonomy":"product_tag","embeddable":true,"href":"https:\/\/www.psi100.com\/en\/wp-json\/wp\/v2\/product_tag?post=375"}],"curies":[{"name":"wp","href":"https:\/\/api.w.org\/{rel}","templated":true}]}}