{"id":4190,"date":"2022-12-17T18:42:50","date_gmt":"2022-12-17T18:42:50","guid":{"rendered":"https:\/\/www.psi100.com\/?post_type=product&#038;p=4190"},"modified":"2024-11-09T14:21:39","modified_gmt":"2024-11-09T14:21:39","slug":"psi100-transport-25l","status":"publish","type":"product","link":"https:\/\/www.psi100.com\/en\/product\/psi100-transport-25l\/","title":{"rendered":"PSI100 \u2013 Transport- 25L"},"content":{"rendered":"<div data-elementor-type=\"wp-post\" data-elementor-id=\"4190\" class=\"elementor elementor-4190\" data-elementor-post-type=\"product\">\n\t\t\t\t\t\t<section class=\"elementor-section elementor-top-section elementor-element elementor-element-19b68762 elementor-section-boxed elementor-section-height-default elementor-section-height-default\" data-id=\"19b68762\" data-element_type=\"section\" data-e-type=\"section\">\n\t\t\t\t\t\t<div class=\"elementor-container elementor-column-gap-default\">\n\t\t\t\t\t<div class=\"elementor-column elementor-col-100 elementor-top-column elementor-element elementor-element-41eab34a\" data-id=\"41eab34a\" data-element_type=\"column\" data-e-type=\"column\">\n\t\t\t<div class=\"elementor-widget-wrap elementor-element-populated\">\n\t\t\t\t\t\t<div class=\"elementor-element elementor-element-7c9eef1a elementor-widget elementor-widget-text-editor\" data-id=\"7c9eef1a\" data-element_type=\"widget\" data-e-type=\"widget\" data-widget_type=\"text-editor.default\">\n\t\t\t\t<div class=\"elementor-widget-container\">\n\t\t\t\t\t\t\t\t\t<p>PSI100 is a preventive puncture protection solution that effectively seals air leakage the moment it occurs and thus ensures a constant air pressure for better tire and fuel economy as well as road safety.<\/p>\n<p><b>Avoid downtime and repair costs<br><\/b><span style=\"font-style: inherit; font-weight: inherit; color: var(--ast-global-color-3);\">A puncture is not only expensive to repair, it also often involves significant indirect costs such as downtime and lost production, damaged rims and destroyed tires. In addition, a puncture often comes with the risky repair work exposed to traffic. All the above problems are prevented with PSI100.<\/span><\/p>\n<p><span style=\"font-style: inherit; font-weight: inherit; color: var(--ast-global-color-3);\">PSI100 Transport seals significant punctures on and adjacent to the tread, up to 15mm as well as dry cracks and pores. The seal becomes strong and durable during the tire life span.<\/span><\/p>\n<p><b>Better fuel economy and less tire wear<br><\/b><span style=\"font-style: inherit; font-weight: inherit; color: var(--ast-global-color-3);\">Correctly calibrated tire pressure is important for fuel economy and tire wear. Incorrect tire pressure, often as a result of <\/span><span style=\"font-weight: inherit; color: var(--ast-global-color-3);\">micro cracks or air leaks create increased friction between the tire and the road surface. <\/span><span style=\"font-weight: inherit; color: var(--ast-global-color-3);\">Industry tests show that for every percent loss of air pressure, wear increases by the corresponding degree. That is a tire running at 7 PSI where 10 PSI is recommended wears 30% faster (e.g. 3000 km less for every 10000 km). <\/span><span style=\"font-weight: inherit; color: var(--ast-global-color-3);\">PSI100 f<\/span><span style=\"font-weight: inherit; color: var(--ast-global-color-3);\">\u00f6rebygger flertalet av dessa skador\/ defekter och skapar f\u00f6ruts\u00e4ttningar f\u00f6r ett stabilt d\u00e4cktryck \u00f6ver tid med mindre kostnader f\u00f6r br\u00e4nsle och d\u00e4ckunderh\u00e5ll som f\u00f6ljd.<\/span><\/p>\n<p><b>User friendly<br><\/b><span style=\"font-style: inherit; font-weight: inherit; background-color: var(--ast-global-color-4); color: var(--ast-global-color-3);\">For commercial vehicles and industry customers, we know that simple and cost-effective processes are crucial. With that in mind, we have developed important tools and product features for PSI100 Transport:<\/span><\/p>\n<ul>\n<li><b>Pneumatic Quick-Fill System <\/b>d\u00e4r PSI100 kan injiceras i ett trycksatt d\u00e4ck. Dvs. du \u00e4r fri att installera punkteringsskyddet n\u00e4r du vill och utan att beh\u00f6va t\u00f6mma d\u00e4cket p\u00e5 luft. P\u00e5fyllnad per d\u00e4ck g\u00e5r p\u00e5 enstaka minuter och doseringen blir exakt tack vare tillh\u00f6rande fl\u00f6desm\u00e4tare.<\/li>\n<li><b>Punkeringsv\u00e4tskan \u00e4r milj\u00f6v\u00e4nlig<\/b>&nbsp;without toxic glycols or latex substances. Product is easily cleaned\/removed with water.<\/li>\n<li>PSI100 Transport <span style=\"text-align: justify;\">har en&nbsp;<\/span><span style=\"font-weight: bold; text-align: justify;\">built-in puncture indicator<\/span><span style=\"text-align: justify;\">&nbsp;som kan indikera var en punktering tidigare uppst\u00e5tt. Genom att belysa d\u00e4cket utifr\u00e5n med UV-ljus framtr\u00e4der en fluorescerande f\u00e4rg p\u00e5 platsen. Detta kan vara v\u00e4rdefullt vid st\u00f6rre skador d\u00e4r inspektion och uppf\u00f6ljning rekommenderas<\/span>.<\/li>\n<li><b>A product for all temperatures.<\/b> Ofta skiljer konkurrenter till PSI100 p\u00e5 sommar och vinterprodukter. I v\u00e5r mening skapar det on\u00f6dig planering och \u00f6kad risk. PSI100 fungerar praktiskt taget i alla temperaturer (&gt; &#8211;<span style=\"text-align: justify;\">35<sup>0<\/sup>C )<\/span><\/li>\n<\/ul>\t\t\t\t\t\t\t\t<\/div>\n\t\t\t\t<\/div>\n\t\t\t\t\t<\/div>\n\t\t<\/div>\n\t\t\t\t\t<\/div>\n\t\t<\/section>\n\t\t\t\t<\/div>","protected":false},"excerpt":{"rendered":"<p>Preventive puncture protection solution that effectively seals air leakage the moment it occurs.<\/p>\n<p>The product is developed with focus on better tire and fuel economy as well as road safety in the transport industry, e.g.<\/p>\n<ul>\n<li><b>Truck, Trailers<\/b><\/li>\n<li><b>Timber vehicles<\/b><\/li>\n<li><b><span style=\"color: var(--ast-global-color-3); font-style: inherit;\">Bus<\/span><\/b><\/li>\n<li><b style=\"font-style: inherit;\"><span style=\"color: var(--ast-global-color-3); font-style: inherit;\">Larger delivery trucks<\/span><\/b><\/li>\n<\/ul>\n<p><span style=\"font-style: inherit; font-weight: inherit; color: var(--ast-global-color-3);\">PSI100 Offroad seals significant punctures on and adjacent to the tread, up to 15mm as well as dry cracks and pores. <\/span>The seal becomes strong and durable during the tire life span.<\/p>\n<p>Volume per tire 2-4 liters, depending on dimension. Before ordering and injection, see Volume calculator or Volume table below.<\/p>\n<p>PSI100 is eco-friendly and user-friendly without e.g. glycols and latex substances.<\/p>","protected":false},"featured_media":5400,"comment_status":"open","ping_status":"closed","template":"","meta":{"_uag_custom_page_level_css":"","_exactmetrics_skip_tracking":false,"_exactmetrics_sitenote_active":false,"_exactmetrics_sitenote_note":"","_exactmetrics_sitenote_category":0,"site-sidebar-layout":"default","site-content-layout":"default","ast-site-content-layout":"default","site-content-style":"default","site-sidebar-style":"default","ast-global-header-display":"","ast-banner-title-visibility":"","ast-main-header-display":"","ast-hfb-above-header-display":"","ast-hfb-below-header-display":"","ast-hfb-mobile-header-display":"","site-post-title":"","ast-breadcrumbs-content":"","ast-featured-img":"","footer-sml-layout":"","ast-disable-related-posts":"","theme-transparent-header-meta":"default","adv-header-id-meta":"","stick-header-meta":"default","header-above-stick-meta":"","header-main-stick-meta":"","header-below-stick-meta":"","astra-migrate-meta-layouts":"set","ast-page-background-enabled":"default","ast-page-background-meta":{"desktop":{"background-color":"","background-image":"","background-repeat":"repeat","background-position":"center center","background-size":"auto","background-attachment":"scroll","background-type":"","background-media":"","overlay-type":"","overlay-color":"","overlay-opacity":"","overlay-gradient":""},"tablet":{"background-color":"","background-image":"","background-repeat":"repeat","background-position":"center center","background-size":"auto","background-attachment":"scroll","background-type":"","background-media":"","overlay-type":"","overlay-color":"","overlay-opacity":"","overlay-gradient":""},"mobile":{"background-color":"","background-image":"","background-repeat":"repeat","background-position":"center center","background-size":"auto","background-attachment":"scroll","background-type":"","background-media":"","overlay-type":"","overlay-color":"","overlay-opacity":"","overlay-gradient":""}},"ast-content-background-meta":{"desktop":{"background-color":"var(--ast-global-color-5)","background-image":"","background-repeat":"repeat","background-position":"center center","background-size":"auto","background-attachment":"scroll","background-type":"","background-media":"","overlay-type":"","overlay-color":"","overlay-opacity":"","overlay-gradient":""},"tablet":{"background-color":"var(--ast-global-color-5)","background-image":"","background-repeat":"repeat","background-position":"center center","background-size":"auto","background-attachment":"scroll","background-type":"","background-media":"","overlay-type":"","overlay-color":"","overlay-opacity":"","overlay-gradient":""},"mobile":{"background-color":"var(--ast-global-color-5)","background-image":"","background-repeat":"repeat","background-position":"center center","background-size":"auto","background-attachment":"scroll","background-type":"","background-media":"","overlay-type":"","overlay-color":"","overlay-opacity":"","overlay-gradient":""}}},"product_brand":[],"product_cat":[178],"product_tag":[168],"class_list":{"0":"post-4190","1":"product","2":"type-product","3":"status-publish","4":"has-post-thumbnail","6":"product_cat-transport","7":"product_tag-psi100","8":"desktop-align-left","9":"tablet-align-left","10":"mobile-align-left","11":"ast-product-gallery-layout-horizontal-slider","12":"ast-magnify-disabled","13":"ast-product-tabs-layout-horizontal","15":"first","16":"instock","17":"featured","18":"taxable","19":"shipping-taxable","20":"product-type-simple"},"uagb_featured_image_src":{"full":["https:\/\/www.psi100.com\/wp-content\/uploads\/2023\/04\/Product_25liter-03.png",1375,1375,false],"thumbnail":["https:\/\/www.psi100.com\/wp-content\/uploads\/2023\/04\/Product_25liter-03-150x150.png",150,150,true],"medium":["https:\/\/www.psi100.com\/wp-content\/uploads\/2023\/04\/Product_25liter-03-300x300.png",300,300,true],"medium_large":["https:\/\/www.psi100.com\/wp-content\/uploads\/2023\/04\/Product_25liter-03-768x768.png",768,768,true],"large":["https:\/\/www.psi100.com\/wp-content\/uploads\/2023\/04\/Product_25liter-03-1024x1024.png",1024,1024,true],"1536x1536":["https:\/\/www.psi100.com\/wp-content\/uploads\/2023\/04\/Product_25liter-03.png",1375,1375,false],"2048x2048":["https:\/\/www.psi100.com\/wp-content\/uploads\/2023\/04\/Product_25liter-03.png",1375,1375,false],"trp-custom-language-flag":["https:\/\/www.psi100.com\/wp-content\/uploads\/2023\/04\/Product_25liter-03-12x12.png",12,12,true],"woocommerce_thumbnail":["https:\/\/www.psi100.com\/wp-content\/uploads\/2023\/04\/Product_25liter-03-300x300.png",300,300,true],"woocommerce_single":["https:\/\/www.psi100.com\/wp-content\/uploads\/2023\/04\/Product_25liter-03-600x600.png",600,600,true],"woocommerce_gallery_thumbnail":["https:\/\/www.psi100.com\/wp-content\/uploads\/2023\/04\/Product_25liter-03-100x100.png",100,100,true]},"uagb_author_info":{"display_name":"Dennis","author_link":"https:\/\/www.psi100.com\/en\/author\/"},"uagb_comment_info":1,"uagb_excerpt":"F\u00f6rbyggande punkteringsv\u00e4tska som effektivt t\u00e4tar luftl\u00e4ckage i stunden det uppst\u00e5r. Produkten \u00e4r framtaget med fokus p\u00e5 b\u00e4ttre d\u00e4ck- och br\u00e4nsleekonomi samt trafiks\u00e4kerhet i transportindustrin t.ex. Lastbil, Sl\u00e4p, Trailers Timmerfordon Buss Tyngre bud- och transportbilar T\u00e4tar betydande stickskador p\u00e5 och i anslutning till slitbanan upp till 15mm samt torrsprickor och porer. Lagningen blir stark och best\u00e4ndig&hellip;","_links":{"self":[{"href":"https:\/\/www.psi100.com\/en\/wp-json\/wp\/v2\/product\/4190","targetHints":{"allow":["GET"]}}],"collection":[{"href":"https:\/\/www.psi100.com\/en\/wp-json\/wp\/v2\/product"}],"about":[{"href":"https:\/\/www.psi100.com\/en\/wp-json\/wp\/v2\/types\/product"}],"replies":[{"embeddable":true,"href":"https:\/\/www.psi100.com\/en\/wp-json\/wp\/v2\/comments?post=4190"}],"version-history":[{"count":44,"href":"https:\/\/www.psi100.com\/en\/wp-json\/wp\/v2\/product\/4190\/revisions"}],"predecessor-version":[{"id":5622,"href":"https:\/\/www.psi100.com\/en\/wp-json\/wp\/v2\/product\/4190\/revisions\/5622"}],"wp:featuredmedia":[{"embeddable":true,"href":"https:\/\/www.psi100.com\/en\/wp-json\/wp\/v2\/media\/5400"}],"wp:attachment":[{"href":"https:\/\/www.psi100.com\/en\/wp-json\/wp\/v2\/media?parent=4190"}],"wp:term":[{"taxonomy":"product_brand","embeddable":true,"href":"https:\/\/www.psi100.com\/en\/wp-json\/wp\/v2\/product_brand?post=4190"},{"taxonomy":"product_cat","embeddable":true,"href":"https:\/\/www.psi100.com\/en\/wp-json\/wp\/v2\/product_cat?post=4190"},{"taxonomy":"product_tag","embeddable":true,"href":"https:\/\/www.psi100.com\/en\/wp-json\/wp\/v2\/product_tag?post=4190"}],"curies":[{"name":"wp","href":"https:\/\/api.w.org\/{rel}","templated":true}]}}