{"id":4192,"date":"2022-12-17T18:45:11","date_gmt":"2022-12-17T18:45:11","guid":{"rendered":"https:\/\/www.psi100.com\/?post_type=product&#038;p=4192"},"modified":"2023-12-10T19:22:59","modified_gmt":"2023-12-10T19:22:59","slug":"psi100-fritid-25l","status":"publish","type":"product","link":"https:\/\/www.psi100.com\/en\/product\/psi100-fritid-25l\/","title":{"rendered":"PSI100 \u2013 Trailer \u2013 25L"},"content":{"rendered":"<div data-elementor-type=\"wp-post\" data-elementor-id=\"4192\" class=\"elementor elementor-4192\" data-elementor-post-type=\"product\">\n\t\t\t\t\t\t<section class=\"elementor-section elementor-top-section elementor-element elementor-element-bc97ead elementor-section-boxed elementor-section-height-default elementor-section-height-default\" data-id=\"bc97ead\" data-element_type=\"section\" data-e-type=\"section\">\n\t\t\t\t\t\t<div class=\"elementor-container elementor-column-gap-default\">\n\t\t\t\t\t<div class=\"elementor-column elementor-col-100 elementor-top-column elementor-element elementor-element-77523986\" data-id=\"77523986\" data-element_type=\"column\" data-e-type=\"column\">\n\t\t\t<div class=\"elementor-widget-wrap elementor-element-populated\">\n\t\t\t\t\t\t<div class=\"elementor-element elementor-element-6b01d8d4 elementor-widget elementor-widget-text-editor\" data-id=\"6b01d8d4\" data-element_type=\"widget\" data-e-type=\"widget\" data-widget_type=\"text-editor.default\">\n\t\t\t\t<div class=\"elementor-widget-container\">\n\t\t\t\t\t\t\t\t\t<p>PSI100 is a preventive puncture protection solution  that effectively seals air leaks the moment they occur and creates conditions for better tire and fuel economy as well as traffic safety.<\/p>\n<p><strong>Reliability in your spare time<br><\/strong>PSI100 Trailer provides good insurance against punctures and related repair work. A puncture rarely comes at a good time or location. In the best case, a temporary repair can take place along the road side, but often a tire change and\/or a visit to a tire workshop is required. Regardless of the solution, the measures take time and can expose you to situations that are dangerous. If you are out on holiday or other  activity with your caravan, trailer or boat trailer, PSI100 Trailer prevents these risks effectively.<\/p>\n<p>PSI100 Trailer seal common found punctures (from screws, nails, glass, stones, etc.) up to 10mm as well as dry cracks and pores. The seal becomes strong and durable over the life of the tire. &nbsp;<\/p>\n<p><strong>Better fuel economy and less tire wear<br><\/strong>In addition to puncture protection, PSI100 provides a more stable tire pressure by sealing micro leaks and pores. This in turn provides better fuel economy and less tire wear. Incorrect tire pressure, often as a result of micro cracks, creates increased friction between the tire and the road surface. Industry tests show that for every percent loss of air pressure, wear increases by the corresponding degree. For example. a tire running at 2 PSI where 3 PSI is recommended wears ~30% faster (e.g. 1500 km less for every 5000 km). PSI100 effectively prevents several of these punctures\/defects and thus creates the conditions for less maintenance and a stable tire pressure over time.<\/p>\t\t\t\t\t\t\t\t<\/div>\n\t\t\t\t<\/div>\n\t\t\t\t\t<\/div>\n\t\t<\/div>\n\t\t\t\t\t<\/div>\n\t\t<\/section>\n\t\t\t\t<\/div>","protected":false},"excerpt":{"rendered":"<p>Preventive puncture protection solution that effectively seals air leakage the moment it occurs.<\/p>\n<p>PSI100 Trailer puncture protections solution  is developed with focus on road saftey and problem free transports. The product is mainly suitable for vehicles such as:<\/p>\n<ul>\n<li><b>Trailers<\/b><\/li>\n<li><b>Caravan<\/b><\/li>\n<li><b>Animal transport trailers<\/b><\/li>\n<li><b>Boat trailers<\/b><\/li>\n<\/ul>\n<p><span style=\"font-style: inherit; font-weight: inherit; color: var(--ast-global-color-3);\">PSI100 Trailer seals significant punctures on and adjacent to the tread, up to 10mm as well as dry cracks and pores. <\/span>The seal becomes strong and durable during the tire life span.<\/p>\n<p>Volume per tire 0.2-1 liters, depending on dimension. Before ordering and injection, see Volume calculator or Volume table below.<\/p>\n<p>PSI100 is eco-friendly and user-friendly without e.g. glycols and latex substances.<\/p>","protected":false},"featured_media":5402,"comment_status":"open","ping_status":"closed","template":"","meta":{"_uag_custom_page_level_css":"","_exactmetrics_skip_tracking":false,"_exactmetrics_sitenote_active":false,"_exactmetrics_sitenote_note":"","_exactmetrics_sitenote_category":0,"site-sidebar-layout":"default","site-content-layout":"default","ast-site-content-layout":"default","site-content-style":"default","site-sidebar-style":"default","ast-global-header-display":"","ast-banner-title-visibility":"","ast-main-header-display":"","ast-hfb-above-header-display":"","ast-hfb-below-header-display":"","ast-hfb-mobile-header-display":"","site-post-title":"","ast-breadcrumbs-content":"","ast-featured-img":"","footer-sml-layout":"","ast-disable-related-posts":"","theme-transparent-header-meta":"default","adv-header-id-meta":"","stick-header-meta":"default","header-above-stick-meta":"","header-main-stick-meta":"","header-below-stick-meta":"","astra-migrate-meta-layouts":"set","ast-page-background-enabled":"default","ast-page-background-meta":{"desktop":{"background-color":"","background-image":"","background-repeat":"repeat","background-position":"center center","background-size":"auto","background-attachment":"scroll","background-type":"","background-media":"","overlay-type":"","overlay-color":"","overlay-opacity":"","overlay-gradient":""},"tablet":{"background-color":"","background-image":"","background-repeat":"repeat","background-position":"center center","background-size":"auto","background-attachment":"scroll","background-type":"","background-media":"","overlay-type":"","overlay-color":"","overlay-opacity":"","overlay-gradient":""},"mobile":{"background-color":"","background-image":"","background-repeat":"repeat","background-position":"center center","background-size":"auto","background-attachment":"scroll","background-type":"","background-media":"","overlay-type":"","overlay-color":"","overlay-opacity":"","overlay-gradient":""}},"ast-content-background-meta":{"desktop":{"background-color":"var(--ast-global-color-5)","background-image":"","background-repeat":"repeat","background-position":"center center","background-size":"auto","background-attachment":"scroll","background-type":"","background-media":"","overlay-type":"","overlay-color":"","overlay-opacity":"","overlay-gradient":""},"tablet":{"background-color":"var(--ast-global-color-5)","background-image":"","background-repeat":"repeat","background-position":"center center","background-size":"auto","background-attachment":"scroll","background-type":"","background-media":"","overlay-type":"","overlay-color":"","overlay-opacity":"","overlay-gradient":""},"mobile":{"background-color":"var(--ast-global-color-5)","background-image":"","background-repeat":"repeat","background-position":"center center","background-size":"auto","background-attachment":"scroll","background-type":"","background-media":"","overlay-type":"","overlay-color":"","overlay-opacity":"","overlay-gradient":""}}},"product_brand":[],"product_cat":[171],"product_tag":[168],"class_list":{"0":"post-4192","1":"product","2":"type-product","3":"status-publish","4":"has-post-thumbnail","6":"product_cat-fritid","7":"product_tag-psi100","8":"desktop-align-left","9":"tablet-align-left","10":"mobile-align-left","11":"ast-product-gallery-layout-horizontal-slider","12":"ast-magnify-disabled","13":"ast-product-tabs-layout-horizontal","15":"first","16":"instock","17":"featured","18":"taxable","19":"shipping-taxable","20":"product-type-simple"},"uagb_featured_image_src":{"full":["https:\/\/www.psi100.com\/wp-content\/uploads\/2023\/04\/Product_25liter-05.png",1375,1375,false],"thumbnail":["https:\/\/www.psi100.com\/wp-content\/uploads\/2023\/04\/Product_25liter-05-150x150.png",150,150,true],"medium":["https:\/\/www.psi100.com\/wp-content\/uploads\/2023\/04\/Product_25liter-05-300x300.png",300,300,true],"medium_large":["https:\/\/www.psi100.com\/wp-content\/uploads\/2023\/04\/Product_25liter-05-768x768.png",768,768,true],"large":["https:\/\/www.psi100.com\/wp-content\/uploads\/2023\/04\/Product_25liter-05-1024x1024.png",1024,1024,true],"1536x1536":["https:\/\/www.psi100.com\/wp-content\/uploads\/2023\/04\/Product_25liter-05.png",1375,1375,false],"2048x2048":["https:\/\/www.psi100.com\/wp-content\/uploads\/2023\/04\/Product_25liter-05.png",1375,1375,false],"trp-custom-language-flag":["https:\/\/www.psi100.com\/wp-content\/uploads\/2023\/04\/Product_25liter-05-12x12.png",12,12,true],"woocommerce_thumbnail":["https:\/\/www.psi100.com\/wp-content\/uploads\/2023\/04\/Product_25liter-05-300x300.png",300,300,true],"woocommerce_single":["https:\/\/www.psi100.com\/wp-content\/uploads\/2023\/04\/Product_25liter-05-600x600.png",600,600,true],"woocommerce_gallery_thumbnail":["https:\/\/www.psi100.com\/wp-content\/uploads\/2023\/04\/Product_25liter-05-100x100.png",100,100,true]},"uagb_author_info":{"display_name":"Dennis","author_link":"https:\/\/www.psi100.com\/en\/author\/"},"uagb_comment_info":0,"uagb_excerpt":"F\u00f6rbyggande punkteringsv\u00e4tska som effektivt t\u00e4tar luftl\u00e4ckage i stunden det uppst\u00e5r. PSI100 Fritid \u00e4r framtaget med fokus p\u00e5 trafik- och drifts\u00e4kerhet. Produkten l\u00e4mpar sig fr\u00e4mst f\u00f6r sl\u00e4p- och fritidsfordon som: Sl\u00e4pvagn Husvagn Djurtransportsl\u00e4p B\u00e5tvagn T\u00e4tar betydande stickskador p\u00e5 och i anslutning till slitbanan upp till 10mm samt torrsprickor och porer. Lagningen blir stark och best\u00e4ndig under&hellip;","_links":{"self":[{"href":"https:\/\/www.psi100.com\/en\/wp-json\/wp\/v2\/product\/4192","targetHints":{"allow":["GET"]}}],"collection":[{"href":"https:\/\/www.psi100.com\/en\/wp-json\/wp\/v2\/product"}],"about":[{"href":"https:\/\/www.psi100.com\/en\/wp-json\/wp\/v2\/types\/product"}],"replies":[{"embeddable":true,"href":"https:\/\/www.psi100.com\/en\/wp-json\/wp\/v2\/comments?post=4192"}],"version-history":[{"count":9,"href":"https:\/\/www.psi100.com\/en\/wp-json\/wp\/v2\/product\/4192\/revisions"}],"predecessor-version":[{"id":5598,"href":"https:\/\/www.psi100.com\/en\/wp-json\/wp\/v2\/product\/4192\/revisions\/5598"}],"wp:featuredmedia":[{"embeddable":true,"href":"https:\/\/www.psi100.com\/en\/wp-json\/wp\/v2\/media\/5402"}],"wp:attachment":[{"href":"https:\/\/www.psi100.com\/en\/wp-json\/wp\/v2\/media?parent=4192"}],"wp:term":[{"taxonomy":"product_brand","embeddable":true,"href":"https:\/\/www.psi100.com\/en\/wp-json\/wp\/v2\/product_brand?post=4192"},{"taxonomy":"product_cat","embeddable":true,"href":"https:\/\/www.psi100.com\/en\/wp-json\/wp\/v2\/product_cat?post=4192"},{"taxonomy":"product_tag","embeddable":true,"href":"https:\/\/www.psi100.com\/en\/wp-json\/wp\/v2\/product_tag?post=4192"}],"curies":[{"name":"wp","href":"https:\/\/api.w.org\/{rel}","templated":true}]}}