{"id":4194,"date":"2022-12-17T18:46:23","date_gmt":"2022-12-17T18:46:23","guid":{"rendered":"https:\/\/www.psi100.com\/?post_type=product&#038;p=4194"},"modified":"2025-05-23T00:40:54","modified_gmt":"2025-05-23T00:40:54","slug":"psi100-terrang-25l","status":"publish","type":"product","link":"https:\/\/www.psi100.com\/en\/product\/psi100-terrang-25l\/","title":{"rendered":"PSI100 \u2013 Offroad- 25L"},"content":{"rendered":"<div data-elementor-type=\"wp-post\" data-elementor-id=\"4194\" class=\"elementor elementor-4194\" data-elementor-post-type=\"product\">\n\t\t\t\t\t\t<section class=\"elementor-section elementor-top-section elementor-element elementor-element-3052841b elementor-section-boxed elementor-section-height-default elementor-section-height-default\" data-id=\"3052841b\" data-element_type=\"section\" data-e-type=\"section\">\n\t\t\t\t\t\t<div class=\"elementor-container elementor-column-gap-default\">\n\t\t\t\t\t<div class=\"elementor-column elementor-col-100 elementor-top-column elementor-element elementor-element-62dbe4b2\" data-id=\"62dbe4b2\" data-element_type=\"column\" data-e-type=\"column\">\n\t\t\t<div class=\"elementor-widget-wrap elementor-element-populated\">\n\t\t\t\t\t\t<div class=\"elementor-element elementor-element-61476f65 elementor-widget elementor-widget-text-editor\" data-id=\"61476f65\" data-element_type=\"widget\" data-e-type=\"widget\" data-widget_type=\"text-editor.default\">\n\t\t\t\t<div class=\"elementor-widget-container\">\n\t\t\t\t\t\t\t\t\t<p>PSI100 is a preventive puncture protection solution that effectively seals air leaks the moment they occur.<\/p>\n<p><strong>Reliability when it matters most<br><\/strong>PSI100 Offroad is designed to protect your tires against punctures in the harshest of conditions. During tough off-road driving, it is not uncommon for tires to be exposed to sharp roots, sharp rocks, forgotten metal objects, etc. A puncture in a remote location and\/or difficult terrain creates unnecessary and challenging work.&nbsp;<span style=\"text-align: justify; color: var(--ast-global-color-3); font-size: 1rem;\">With PSI100, a reinforced fiber seal is immediately created at the damage. When the tire has rotated a few revolutions, a strong and permanent seal has been formed that lasts the entire life of the tire. The tire pressure remains intact and you avoid interruptions in the journey.<\/span><\/p>\n<p>PSI100 Offroad effectively seals punctures up to 15 mm as well as dry cracks and pores. <span style=\"font-style: inherit; font-weight: inherit; color: var(--ast-global-color-3);\">T\u00e4tningen blir stark och best\u00e4ndig under d\u00e4ckets livsl\u00e4ngd.<\/span><\/p>\t\t\t\t\t\t\t\t<\/div>\n\t\t\t\t<\/div>\n\t\t\t\t\t<\/div>\n\t\t<\/div>\n\t\t\t\t\t<\/div>\n\t\t<\/section>\n\t\t\t\t<\/div>","protected":false},"excerpt":{"rendered":"<p>Preventive puncture protection solution that effectively seals air leakage the moment it occurs.<\/p>\n<p>PSI100 Offroad puncture protection solution is developed with focus on reliability in difficult off-road conditions. The product is mainly suitable for vehicles such as:<\/p>\n<ul>\n<li><b>ATV<\/b><\/li>\n<li><b>4\u00d74 (off-road)<\/b><\/li>\n<li><b>Motocross \/ Enduro \/ Trail<\/b><\/li>\n<\/ul>\n<p><span style=\"font-style: inherit; font-weight: inherit; color: var(--ast-global-color-3);\">PSI100 Offroad seals significant punctures on and adjacent to the tread, up to 15mm as well as dry cracks and pores. <\/span>The seal becomes strong and durable during the tire life span.<\/p>\n<p>Volume per tire 0.2-2 liters, depending on dimension. Before ordering and injection, see Volume calculator or Volume table below.<\/p>\n<p>PSI100 is eco-friendly and user-friendly without e.g. glycols and latex substances.<\/p>","protected":false},"featured_media":5404,"comment_status":"open","ping_status":"closed","template":"","meta":{"_uag_custom_page_level_css":"","_exactmetrics_skip_tracking":false,"_exactmetrics_sitenote_active":false,"_exactmetrics_sitenote_note":"","_exactmetrics_sitenote_category":0,"site-sidebar-layout":"default","site-content-layout":"default","ast-site-content-layout":"default","site-content-style":"default","site-sidebar-style":"default","ast-global-header-display":"","ast-banner-title-visibility":"","ast-main-header-display":"","ast-hfb-above-header-display":"","ast-hfb-below-header-display":"","ast-hfb-mobile-header-display":"","site-post-title":"","ast-breadcrumbs-content":"","ast-featured-img":"","footer-sml-layout":"","ast-disable-related-posts":"","theme-transparent-header-meta":"default","adv-header-id-meta":"","stick-header-meta":"default","header-above-stick-meta":"","header-main-stick-meta":"","header-below-stick-meta":"","astra-migrate-meta-layouts":"set","ast-page-background-enabled":"default","ast-page-background-meta":{"desktop":{"background-color":"","background-image":"","background-repeat":"repeat","background-position":"center center","background-size":"auto","background-attachment":"scroll","background-type":"","background-media":"","overlay-type":"","overlay-color":"","overlay-opacity":"","overlay-gradient":""},"tablet":{"background-color":"","background-image":"","background-repeat":"repeat","background-position":"center center","background-size":"auto","background-attachment":"scroll","background-type":"","background-media":"","overlay-type":"","overlay-color":"","overlay-opacity":"","overlay-gradient":""},"mobile":{"background-color":"","background-image":"","background-repeat":"repeat","background-position":"center center","background-size":"auto","background-attachment":"scroll","background-type":"","background-media":"","overlay-type":"","overlay-color":"","overlay-opacity":"","overlay-gradient":""}},"ast-content-background-meta":{"desktop":{"background-color":"var(--ast-global-color-5)","background-image":"","background-repeat":"repeat","background-position":"center center","background-size":"auto","background-attachment":"scroll","background-type":"","background-media":"","overlay-type":"","overlay-color":"","overlay-opacity":"","overlay-gradient":""},"tablet":{"background-color":"var(--ast-global-color-5)","background-image":"","background-repeat":"repeat","background-position":"center center","background-size":"auto","background-attachment":"scroll","background-type":"","background-media":"","overlay-type":"","overlay-color":"","overlay-opacity":"","overlay-gradient":""},"mobile":{"background-color":"var(--ast-global-color-5)","background-image":"","background-repeat":"repeat","background-position":"center center","background-size":"auto","background-attachment":"scroll","background-type":"","background-media":"","overlay-type":"","overlay-color":"","overlay-opacity":"","overlay-gradient":""}}},"product_brand":[],"product_cat":[177],"product_tag":[168],"class_list":{"0":"post-4194","1":"product","2":"type-product","3":"status-publish","4":"has-post-thumbnail","6":"product_cat-terrang","7":"product_tag-psi100","8":"desktop-align-left","9":"tablet-align-left","10":"mobile-align-left","11":"ast-product-gallery-layout-horizontal-slider","12":"ast-magnify-disabled","13":"ast-product-tabs-layout-horizontal","15":"first","16":"instock","17":"featured","18":"taxable","19":"shipping-taxable","20":"product-type-simple"},"uagb_featured_image_src":{"full":["https:\/\/www.psi100.com\/wp-content\/uploads\/2023\/04\/Product_25liter-07.png",1375,1375,false],"thumbnail":["https:\/\/www.psi100.com\/wp-content\/uploads\/2023\/04\/Product_25liter-07-150x150.png",150,150,true],"medium":["https:\/\/www.psi100.com\/wp-content\/uploads\/2023\/04\/Product_25liter-07-300x300.png",300,300,true],"medium_large":["https:\/\/www.psi100.com\/wp-content\/uploads\/2023\/04\/Product_25liter-07-768x768.png",768,768,true],"large":["https:\/\/www.psi100.com\/wp-content\/uploads\/2023\/04\/Product_25liter-07-1024x1024.png",1024,1024,true],"1536x1536":["https:\/\/www.psi100.com\/wp-content\/uploads\/2023\/04\/Product_25liter-07.png",1375,1375,false],"2048x2048":["https:\/\/www.psi100.com\/wp-content\/uploads\/2023\/04\/Product_25liter-07.png",1375,1375,false],"trp-custom-language-flag":["https:\/\/www.psi100.com\/wp-content\/uploads\/2023\/04\/Product_25liter-07-12x12.png",12,12,true],"woocommerce_thumbnail":["https:\/\/www.psi100.com\/wp-content\/uploads\/2023\/04\/Product_25liter-07-300x300.png",300,300,true],"woocommerce_single":["https:\/\/www.psi100.com\/wp-content\/uploads\/2023\/04\/Product_25liter-07-600x600.png",600,600,true],"woocommerce_gallery_thumbnail":["https:\/\/www.psi100.com\/wp-content\/uploads\/2023\/04\/Product_25liter-07-100x100.png",100,100,true]},"uagb_author_info":{"display_name":"Dennis","author_link":"https:\/\/www.psi100.com\/en\/author\/"},"uagb_comment_info":3,"uagb_excerpt":"F\u00f6rbyggande punkteringsv\u00e4tska som effektivt t\u00e4tar luftl\u00e4ckage i stunden det uppst\u00e5r. PSI100 Terr\u00e4ng \u00e4r framtaget med fokus p\u00e5 drifts\u00e4kerhet i sv\u00e5ra terr\u00e4ngf\u00f6rh\u00e5llanden. Produkten l\u00e4mpar sig fr\u00e4mst f\u00f6r fordon som: ATV 4x4 (terr\u00e4ngk\u00f6rning) Motocross \/ Enduro \/ Trail T\u00e4tar betydande stickskador p\u00e5 och i anslutning till slitbanan upp till 15mm samt torrsprickor och porer. Lagningen blir stark&hellip;","_links":{"self":[{"href":"https:\/\/www.psi100.com\/en\/wp-json\/wp\/v2\/product\/4194","targetHints":{"allow":["GET"]}}],"collection":[{"href":"https:\/\/www.psi100.com\/en\/wp-json\/wp\/v2\/product"}],"about":[{"href":"https:\/\/www.psi100.com\/en\/wp-json\/wp\/v2\/types\/product"}],"replies":[{"embeddable":true,"href":"https:\/\/www.psi100.com\/en\/wp-json\/wp\/v2\/comments?post=4194"}],"version-history":[{"count":9,"href":"https:\/\/www.psi100.com\/en\/wp-json\/wp\/v2\/product\/4194\/revisions"}],"predecessor-version":[{"id":5595,"href":"https:\/\/www.psi100.com\/en\/wp-json\/wp\/v2\/product\/4194\/revisions\/5595"}],"wp:featuredmedia":[{"embeddable":true,"href":"https:\/\/www.psi100.com\/en\/wp-json\/wp\/v2\/media\/5404"}],"wp:attachment":[{"href":"https:\/\/www.psi100.com\/en\/wp-json\/wp\/v2\/media?parent=4194"}],"wp:term":[{"taxonomy":"product_brand","embeddable":true,"href":"https:\/\/www.psi100.com\/en\/wp-json\/wp\/v2\/product_brand?post=4194"},{"taxonomy":"product_cat","embeddable":true,"href":"https:\/\/www.psi100.com\/en\/wp-json\/wp\/v2\/product_cat?post=4194"},{"taxonomy":"product_tag","embeddable":true,"href":"https:\/\/www.psi100.com\/en\/wp-json\/wp\/v2\/product_tag?post=4194"}],"curies":[{"name":"wp","href":"https:\/\/api.w.org\/{rel}","templated":true}]}}