{"id":5005,"date":"2023-02-28T19:36:16","date_gmt":"2023-02-28T19:36:16","guid":{"rendered":"https:\/\/www.psi100.com\/?post_type=product&#038;p=5005"},"modified":"2025-05-29T00:38:28","modified_gmt":"2025-05-29T00:38:28","slug":"quick-fill-system-pneumatiskt-pafyllningsutrustning","status":"publish","type":"product","link":"https:\/\/www.psi100.com\/en\/product\/quick-fill-system-pneumatiskt-pafyllningsutrustning\/","title":{"rendered":"Quick-Fill System: Pneumatic pump"},"content":{"rendered":"<div data-elementor-type=\"product-post\" data-elementor-id=\"5005\" class=\"elementor elementor-5005\" data-elementor-post-type=\"product\">\n\t\t\t\t\t\t<section class=\"elementor-section elementor-top-section elementor-element elementor-element-019bf13 elementor-section-height-min-height elementor-section-boxed elementor-section-height-default elementor-section-items-middle\" data-id=\"019bf13\" data-element_type=\"section\" data-e-type=\"section\" data-settings=\"{&quot;background_background&quot;:&quot;classic&quot;}\">\n\t\t\t\t\t\t\t<div class=\"elementor-background-overlay\"><\/div>\n\t\t\t\t\t\t\t<div class=\"elementor-container elementor-column-gap-default\">\n\t\t\t\t\t<div class=\"elementor-column elementor-col-100 elementor-top-column elementor-element elementor-element-1c330ab\" data-id=\"1c330ab\" data-element_type=\"column\" data-e-type=\"column\">\n\t\t\t<div class=\"elementor-widget-wrap elementor-element-populated\">\n\t\t\t\t\t\t<section class=\"elementor-section elementor-inner-section elementor-element elementor-element-daf7d18 elementor-section-boxed elementor-section-height-default elementor-section-height-default\" data-id=\"daf7d18\" data-element_type=\"section\" data-e-type=\"section\">\n\t\t\t\t\t\t<div class=\"elementor-container elementor-column-gap-default\">\n\t\t\t\t\t<div class=\"elementor-column elementor-col-33 elementor-inner-column elementor-element elementor-element-9cecf0b\" data-id=\"9cecf0b\" data-element_type=\"column\" data-e-type=\"column\">\n\t\t\t<div class=\"elementor-widget-wrap elementor-element-populated\">\n\t\t\t\t\t\t<div class=\"elementor-element elementor-element-4f65b41 elementor-widget elementor-widget-heading\" data-id=\"4f65b41\" data-element_type=\"widget\" data-e-type=\"widget\" data-widget_type=\"heading.default\">\n\t\t\t\t<div class=\"elementor-widget-container\">\n\t\t\t\t\t<h3 class=\"elementor-heading-title elementor-size-default\">Quick-Fill System<\/h3>\t\t\t\t<\/div>\n\t\t\t\t<\/div>\n\t\t\t\t<div class=\"elementor-element elementor-element-7b47795 elementor-widget elementor-widget-heading\" data-id=\"7b47795\" data-element_type=\"widget\" data-e-type=\"widget\" data-widget_type=\"heading.default\">\n\t\t\t\t<div class=\"elementor-widget-container\">\n\t\t\t\t\t<h1 class=\"elementor-heading-title elementor-size-default\">Inject pressurized tires with puncture protection solution in seconds<\/h1>\t\t\t\t<\/div>\n\t\t\t\t<\/div>\n\t\t\t\t<div class=\"elementor-element elementor-element-8d4ac97 elementor-widget elementor-widget-heading\" data-id=\"8d4ac97\" data-element_type=\"widget\" data-e-type=\"widget\" data-widget_type=\"heading.default\">\n\t\t\t\t<div class=\"elementor-widget-container\">\n\t\t\t\t\t<h3 class=\"elementor-heading-title elementor-size-default\">Innovative solution - only at PSI100<\/h3>\t\t\t\t<\/div>\n\t\t\t\t<\/div>\n\t\t\t\t<div class=\"elementor-element elementor-element-3213198 elementor-widget elementor-widget-text-editor\" data-id=\"3213198\" data-element_type=\"widget\" data-e-type=\"widget\" data-widget_type=\"text-editor.default\">\n\t\t\t\t<div class=\"elementor-widget-container\">\n\t\t\t\t\t\t\t\t\t<p><span style=\"font-style: inherit; font-weight: inherit;\">To save time and ensure fast injection of PSI100 puncture protection solution, we have developed a pneumatic quick-fill system. Within seconds you can inject pressurized tires with exactly the right volume of PSI100.\u00a0<br \/><\/span><span style=\"font-style: inherit;\"><b>Connect, inject, disconnect. Done.\u00a0<\/b><\/span><\/p><p><span style=\"font-size: 1rem;\">For all professional and industrial users we consider this equipment a must.<\/span><\/p>\t\t\t\t\t\t\t\t<\/div>\n\t\t\t\t<\/div>\n\t\t\t\t\t<\/div>\n\t\t<\/div>\n\t\t\t\t<div class=\"elementor-column elementor-col-33 elementor-inner-column elementor-element elementor-element-ef19fab\" data-id=\"ef19fab\" data-element_type=\"column\" data-e-type=\"column\" data-settings=\"{&quot;background_background&quot;:&quot;classic&quot;}\">\n\t\t\t<div class=\"elementor-widget-wrap elementor-element-populated\">\n\t\t\t\t\t\t<div class=\"elementor-element elementor-element-f6640b3 elementor-widget elementor-widget-heading\" data-id=\"f6640b3\" data-element_type=\"widget\" data-e-type=\"widget\" data-widget_type=\"heading.default\">\n\t\t\t\t<div class=\"elementor-widget-container\">\n\t\t\t\t\t<h5 class=\"elementor-heading-title elementor-size-medium\">Mobile pneumatic pumping station<\/h5>\t\t\t\t<\/div>\n\t\t\t\t<\/div>\n\t\t\t\t<div class=\"elementor-element elementor-element-4bafc2a elementor-widget elementor-widget-image\" data-id=\"4bafc2a\" data-element_type=\"widget\" data-e-type=\"widget\" data-widget_type=\"image.default\">\n\t\t\t\t<div class=\"elementor-widget-container\">\n\t\t\t\t\t\t\t\t\t\t\t\t\t\t\t<img decoding=\"async\" width=\"156\" height=\"300\" src=\"https:\/\/www.psi100.com\/wp-content\/uploads\/2022\/01\/QuickFillStation-156x300.png\" class=\"attachment-medium size-medium wp-image-3743\" alt=\"\" srcset=\"https:\/\/www.psi100.com\/wp-content\/uploads\/2022\/01\/QuickFillStation-156x300.png 156w, https:\/\/www.psi100.com\/wp-content\/uploads\/2022\/01\/QuickFillStation-532x1024.png 532w, https:\/\/www.psi100.com\/wp-content\/uploads\/2022\/01\/QuickFillStation-768x1478.png 768w, https:\/\/www.psi100.com\/wp-content\/uploads\/2022\/01\/QuickFillStation-798x1536.png 798w, https:\/\/www.psi100.com\/wp-content\/uploads\/2022\/01\/QuickFillStation-6x12.png 6w, https:\/\/www.psi100.com\/wp-content\/uploads\/2022\/01\/QuickFillStation-600x1155.png 600w, https:\/\/www.psi100.com\/wp-content\/uploads\/2022\/01\/QuickFillStation.png 1061w\" sizes=\"(max-width: 156px) 100vw, 156px\" \/>\t\t\t\t\t\t\t\t\t\t\t\t\t\t\t<\/div>\n\t\t\t\t<\/div>\n\t\t\t\t<div class=\"elementor-element elementor-element-dff0b8c elementor-widget elementor-widget-text-editor\" data-id=\"dff0b8c\" data-element_type=\"widget\" data-e-type=\"widget\" data-widget_type=\"text-editor.default\">\n\t\t\t\t<div class=\"elementor-widget-container\">\n\t\t\t\t\t\t\t\t\t<p>Mobile pumping station for cans\/barrels 25-60 litres. Easy to move with efficient pneumatic pump and precise volume measurement. Normal tires are filled in a few minutes. Connects to compressed air.<\/p>\t\t\t\t\t\t\t\t<\/div>\n\t\t\t\t<\/div>\n\t\t\t\t\t<\/div>\n\t\t<\/div>\n\t\t\t\t<div class=\"elementor-column elementor-col-33 elementor-inner-column elementor-element elementor-element-1022e90\" data-id=\"1022e90\" data-element_type=\"column\" data-e-type=\"column\" data-settings=\"{&quot;background_background&quot;:&quot;classic&quot;}\">\n\t\t\t<div class=\"elementor-widget-wrap elementor-element-populated\">\n\t\t\t\t\t\t<div class=\"elementor-element elementor-element-11cdd5b elementor-widget elementor-widget-heading\" data-id=\"11cdd5b\" data-element_type=\"widget\" data-e-type=\"widget\" data-widget_type=\"heading.default\">\n\t\t\t\t<div class=\"elementor-widget-container\">\n\t\t\t\t\t<h5 class=\"elementor-heading-title elementor-size-medium\">Fyllnadsverktyg &amp; Fl\u00f6desm\u00e4tare<\/h5>\t\t\t\t<\/div>\n\t\t\t\t<\/div>\n\t\t\t\t<div class=\"elementor-element elementor-element-eaea2dd elementor-widget elementor-widget-image\" data-id=\"eaea2dd\" data-element_type=\"widget\" data-e-type=\"widget\" data-widget_type=\"image.default\">\n\t\t\t\t<div class=\"elementor-widget-container\">\n\t\t\t\t\t\t\t\t\t\t\t\t\t\t\t<img fetchpriority=\"high\" decoding=\"async\" width=\"300\" height=\"191\" src=\"https:\/\/www.psi100.com\/wp-content\/uploads\/2022\/01\/QuickFillTool-300x191.png\" class=\"attachment-medium size-medium wp-image-3747\" alt=\"\" srcset=\"https:\/\/www.psi100.com\/wp-content\/uploads\/2022\/01\/QuickFillTool-300x191.png 300w, https:\/\/www.psi100.com\/wp-content\/uploads\/2022\/01\/QuickFillTool-1024x653.png 1024w, https:\/\/www.psi100.com\/wp-content\/uploads\/2022\/01\/QuickFillTool-768x490.png 768w, https:\/\/www.psi100.com\/wp-content\/uploads\/2022\/01\/QuickFillTool-1536x979.png 1536w, https:\/\/www.psi100.com\/wp-content\/uploads\/2022\/01\/QuickFillTool-2048x1305.png 2048w, https:\/\/www.psi100.com\/wp-content\/uploads\/2022\/01\/elementor\/thumbs\/QuickFillTool-pjc54p3pk0ygxvb3osb9cbjeqt6bxcg4d56oz4m31q.png 18w, https:\/\/www.psi100.com\/wp-content\/uploads\/2022\/01\/QuickFillTool-600x382.png 600w\" sizes=\"(max-width: 300px) 100vw, 300px\" \/>\t\t\t\t\t\t\t\t\t\t\t\t\t\t\t<\/div>\n\t\t\t\t<\/div>\n\t\t\t\t<div class=\"elementor-element elementor-element-a81142a elementor-widget elementor-widget-text-editor\" data-id=\"a81142a\" data-element_type=\"widget\" data-e-type=\"widget\" data-widget_type=\"text-editor.default\">\n\t\t\t\t<div class=\"elementor-widget-container\">\n\t\t\t\t\t\t\t\t\t<p>Handheld tool for injecting PSI100 into pressurized tires. All in one. Removes valve needle, opens up to inject PSI100 and refit valve needle. Digital flow meter ensures that the amount of tire protection solution is correct every time.<\/p>\t\t\t\t\t\t\t\t<\/div>\n\t\t\t\t<\/div>\n\t\t\t\t\t<\/div>\n\t\t<\/div>\n\t\t\t\t\t<\/div>\n\t\t<\/section>\n\t\t\t\t\t<\/div>\n\t\t<\/div>\n\t\t\t\t\t<\/div>\n\t\t<\/section>\n\t\t\t\t<\/div>","protected":false},"excerpt":{"rendered":"<p>Pneumatic pump station for cans (25 liters) or barrels.<\/p>\n<p>With this pneumatic pump and its digital flow meter, injection of PSI100 is done quickly and accurately every time.<\/p>\n<p>To simplify things further, the pump station is also equipped with our injection nozzle which enables the injection of PSI100 into pressurized tyres.<\/p>\n<p>With professional users and large consumers, this is a highly value adding tool. The time gain is significant and you get a very rational process. In single minutes a tire is injected with the correct amount, every time.<br \/>\nThe nozzle can handle all valve types, incl. Big Bore.<\/p>","protected":false},"featured_media":2983,"comment_status":"open","ping_status":"closed","template":"","meta":{"_uag_custom_page_level_css":"","_exactmetrics_skip_tracking":false,"_exactmetrics_sitenote_active":false,"_exactmetrics_sitenote_note":"","_exactmetrics_sitenote_category":0,"site-sidebar-layout":"default","site-content-layout":"","ast-site-content-layout":"default","site-content-style":"default","site-sidebar-style":"default","ast-global-header-display":"","ast-banner-title-visibility":"","ast-main-header-display":"","ast-hfb-above-header-display":"","ast-hfb-below-header-display":"","ast-hfb-mobile-header-display":"","site-post-title":"","ast-breadcrumbs-content":"","ast-featured-img":"","footer-sml-layout":"","ast-disable-related-posts":"","theme-transparent-header-meta":"default","adv-header-id-meta":"","stick-header-meta":"default","header-above-stick-meta":"","header-main-stick-meta":"","header-below-stick-meta":"","astra-migrate-meta-layouts":"default","ast-page-background-enabled":"default","ast-page-background-meta":{"desktop":{"background-color":"","background-image":"","background-repeat":"repeat","background-position":"center center","background-size":"auto","background-attachment":"scroll","background-type":"","background-media":"","overlay-type":"","overlay-color":"","overlay-opacity":"","overlay-gradient":""},"tablet":{"background-color":"","background-image":"","background-repeat":"repeat","background-position":"center center","background-size":"auto","background-attachment":"scroll","background-type":"","background-media":"","overlay-type":"","overlay-color":"","overlay-opacity":"","overlay-gradient":""},"mobile":{"background-color":"","background-image":"","background-repeat":"repeat","background-position":"center center","background-size":"auto","background-attachment":"scroll","background-type":"","background-media":"","overlay-type":"","overlay-color":"","overlay-opacity":"","overlay-gradient":""}},"ast-content-background-meta":{"desktop":{"background-color":"var(--ast-global-color-5)","background-image":"","background-repeat":"repeat","background-position":"center center","background-size":"auto","background-attachment":"scroll","background-type":"","background-media":"","overlay-type":"","overlay-color":"","overlay-opacity":"","overlay-gradient":""},"tablet":{"background-color":"var(--ast-global-color-5)","background-image":"","background-repeat":"repeat","background-position":"center center","background-size":"auto","background-attachment":"scroll","background-type":"","background-media":"","overlay-type":"","overlay-color":"","overlay-opacity":"","overlay-gradient":""},"mobile":{"background-color":"var(--ast-global-color-5)","background-image":"","background-repeat":"repeat","background-position":"center center","background-size":"auto","background-attachment":"scroll","background-type":"","background-media":"","overlay-type":"","overlay-color":"","overlay-opacity":"","overlay-gradient":""}}},"product_brand":[],"product_cat":[169],"product_tag":[],"class_list":{"0":"post-5005","1":"product","2":"type-product","3":"status-publish","4":"has-post-thumbnail","6":"product_cat-tillbehor","7":"desktop-align-left","8":"tablet-align-left","9":"mobile-align-left","10":"ast-product-gallery-layout-horizontal-slider","11":"ast-magnify-disabled","12":"ast-product-tabs-layout-horizontal","14":"first","15":"instock","16":"taxable","17":"shipping-taxable","18":"product-type-simple"},"uagb_featured_image_src":{"full":["https:\/\/www.psi100.com\/wp-content\/uploads\/2021\/09\/VagnMedDunk.jpg",2551,2551,false],"thumbnail":["https:\/\/www.psi100.com\/wp-content\/uploads\/2021\/09\/VagnMedDunk-150x150.jpg",150,150,true],"medium":["https:\/\/www.psi100.com\/wp-content\/uploads\/2021\/09\/VagnMedDunk-300x300.jpg",300,300,true],"medium_large":["https:\/\/www.psi100.com\/wp-content\/uploads\/2021\/09\/VagnMedDunk-768x768.jpg",768,768,true],"large":["https:\/\/www.psi100.com\/wp-content\/uploads\/2021\/09\/VagnMedDunk-1024x1024.jpg",1024,1024,true],"1536x1536":["https:\/\/www.psi100.com\/wp-content\/uploads\/2021\/09\/VagnMedDunk-1536x1536.jpg",1536,1536,true],"2048x2048":["https:\/\/www.psi100.com\/wp-content\/uploads\/2021\/09\/VagnMedDunk-2048x2048.jpg",2048,2048,true],"trp-custom-language-flag":["https:\/\/www.psi100.com\/wp-content\/uploads\/2021\/09\/VagnMedDunk.jpg",12,12,false],"woocommerce_thumbnail":["https:\/\/www.psi100.com\/wp-content\/uploads\/2021\/09\/VagnMedDunk-300x300.jpg",300,300,true],"woocommerce_single":["https:\/\/www.psi100.com\/wp-content\/uploads\/2021\/09\/VagnMedDunk-600x600.jpg",600,600,true],"woocommerce_gallery_thumbnail":["https:\/\/www.psi100.com\/wp-content\/uploads\/2021\/09\/VagnMedDunk-100x100.jpg",100,100,true]},"uagb_author_info":{"display_name":"Dennis","author_link":"https:\/\/www.psi100.com\/en\/author\/"},"uagb_comment_info":14,"uagb_excerpt":"Pneumatisk pumpstation f\u00f6r dunk (25 liter) eller fat. Med en tryckluftsdriven pump och tillh\u00f6rande digital fl\u00f6desm\u00e4tare g\u00f6rs dosering av PSI100 snabbt och exakt varje g\u00e5ng. F\u00f6r att f\u00f6renkla ytterligare \u00e4r pumpstationen \u00e4ven utrustad med v\u00e5rt p\u00e5fyllningsmunstycke som g\u00f6r det m\u00f6jligt att injicering PSI100 i trycksatta d\u00e4ck. Hos yrkesanv\u00e4ndare och storf\u00f6rbrukare \u00e4r detta ett mycket uppskattat&hellip;","_links":{"self":[{"href":"https:\/\/www.psi100.com\/en\/wp-json\/wp\/v2\/product\/5005","targetHints":{"allow":["GET"]}}],"collection":[{"href":"https:\/\/www.psi100.com\/en\/wp-json\/wp\/v2\/product"}],"about":[{"href":"https:\/\/www.psi100.com\/en\/wp-json\/wp\/v2\/types\/product"}],"replies":[{"embeddable":true,"href":"https:\/\/www.psi100.com\/en\/wp-json\/wp\/v2\/comments?post=5005"}],"version-history":[{"count":13,"href":"https:\/\/www.psi100.com\/en\/wp-json\/wp\/v2\/product\/5005\/revisions"}],"predecessor-version":[{"id":5318,"href":"https:\/\/www.psi100.com\/en\/wp-json\/wp\/v2\/product\/5005\/revisions\/5318"}],"wp:featuredmedia":[{"embeddable":true,"href":"https:\/\/www.psi100.com\/en\/wp-json\/wp\/v2\/media\/2983"}],"wp:attachment":[{"href":"https:\/\/www.psi100.com\/en\/wp-json\/wp\/v2\/media?parent=5005"}],"wp:term":[{"taxonomy":"product_brand","embeddable":true,"href":"https:\/\/www.psi100.com\/en\/wp-json\/wp\/v2\/product_brand?post=5005"},{"taxonomy":"product_cat","embeddable":true,"href":"https:\/\/www.psi100.com\/en\/wp-json\/wp\/v2\/product_cat?post=5005"},{"taxonomy":"product_tag","embeddable":true,"href":"https:\/\/www.psi100.com\/en\/wp-json\/wp\/v2\/product_tag?post=5005"}],"curies":[{"name":"wp","href":"https:\/\/api.w.org\/{rel}","templated":true}]}}